{"id":2097,"date":"2018-10-02T13:11:46","date_gmt":"2018-10-02T13:11:46","guid":{"rendered":"https:\/\/www.inffe.es\/activites\/jardineria-y-paisajismo\/"},"modified":"2019-03-13T12:59:13","modified_gmt":"2019-03-13T12:59:13","slug":"jardineria-y-paisajismo","status":"publish","type":"page","link":"https:\/\/www.inffe.es\/fr\/activites\/jardineria-y-paisajismo\/","title":{"rendered":"Jardinage et Am\u00e9nagement Paysager"},"content":{"rendered":"<p>[et_pb_section bb_built=\u00a0\u00bb1&Prime; _builder_version=\u00a0\u00bb3.14&Prime; background_color=\u00a0\u00bb#53bb32&Prime; custom_padding=\u00a0\u00bb0|0px|2px|0px|false|false\u00a0\u00bb next_background_color=\u00a0\u00bb#ffffff\u00a0\u00bb][et_pb_row custom_padding=\u00a0\u00bb63px|0px|27px|0px|false|false\u00a0\u00bb _builder_version=\u00a0\u00bb3.0.48&Prime; background_size=\u00a0\u00bbinitial\u00a0\u00bb background_position=\u00a0\u00bbtop_left\u00a0\u00bb background_repeat=\u00a0\u00bbrepeat\u00a0\u00bb][et_pb_column type=\u00a0\u00bb4_4&Prime;][et_pb_text _builder_version=\u00a0\u00bb3.19.18&Prime; text_font=\u00a0\u00bb|||on|||||\u00a0\u00bb]<\/p>\n<h2>Activities: <span style=\"color: #ffffff;\">Jardinage et Am\u00e9nagement Paysager<\/span><\/h2>\n<p>[\/et_pb_text][\/et_pb_column][\/et_pb_row][\/et_pb_section][et_pb_section bb_built=\u00a0\u00bb1&Prime; _builder_version=\u00a0\u00bb3.0.47&Prime; prev_background_color=\u00a0\u00bb#53bb32&Prime; next_background_color=\u00a0\u00bb#000000&Prime;][et_pb_row _builder_version=\u00a0\u00bb3.0.48&Prime; background_size=\u00a0\u00bbinitial\u00a0\u00bb background_position=\u00a0\u00bbtop_left\u00a0\u00bb background_repeat=\u00a0\u00bbrepeat\u00a0\u00bb][et_pb_column type=\u00a0\u00bb1_2&Prime;][et_pb_gallery gallery_ids=\u00a0\u00bb1768,1770,1772,1774,1776,1778,1780,1782,1784,1786,1788,1790&Prime; fullwidth=\u00a0\u00bbon\u00a0\u00bb db_image_max_width_tablet=\u00a0\u00bb51&Prime; db_image_max_height_tablet=\u00a0\u00bb501&Prime; db_image_row_spacing_tablet=\u00a0\u00bb51&Prime; db_image_center_titles=\u00a0\u00bbleft\u00a0\u00bb db_image_object_fit=\u00a0\u00bbinitial\u00a0\u00bb hover_icon=\u00a0\u00bb%%51%%\u00a0\u00bb _builder_version=\u00a0\u00bb3.19.18&Prime; title_level=\u00a0\u00bbh2&Prime; auto=\u00a0\u00bbon\u00a0\u00bb auto_speed=\u00a0\u00bb2000&Prime; hover_overlay_color=\u00a0\u00bbrgba(255,255,255,0.9)\u00a0\u00bb]<\/p>\n<p>&nbsp;<\/p>\n<p>[\/et_pb_gallery][\/et_pb_column][et_pb_column type=\u00a0\u00bb1_2&Prime;][et_pb_text admin_label=\u00a0\u00bbConsultoria \u00a0\u00bb _builder_version=\u00a0\u00bb3.19.18&Prime;]<\/p>\n<ul>\n<li>D\u00e9veloppement de projets d&rsquo;am\u00e9nagement paysager<\/li>\n<li>Creaci\u00f3n y\/o restauraci\u00f3n de jardines (movimiento de tierras, plantaci\u00f3n, instalaci\u00f3n de riegos, etc.)<\/li>\n<li>Entretien complet des jardins<\/li>\n<li>\u00c9lagage en hauteur<\/li>\n<li>Int\u00e9gration des structures dans le paysage<\/li>\n<li>Inventaires d&rsquo;arbres<\/li>\n<\/ul>\n<p>[\/et_pb_text][\/et_pb_column][\/et_pb_row][\/et_pb_section][et_pb_section bb_built=\u00a0\u00bb1&Prime; _builder_version=\u00a0\u00bb3.15&Prime; background_image=\u00a0\u00bbhttp:\/\/www.inffe.es\/\/wp-content\/uploads\/footer-area.jpg\u00a0\u00bb background_size=\u00a0\u00bbcontain\u00a0\u00bb background_repeat=\u00a0\u00bbrepeat-x\u00a0\u00bb prev_background_color=\u00a0\u00bb#ffffff\u00a0\u00bb][et_pb_row _builder_version=\u00a0\u00bb3.0.48&Prime; background_size=\u00a0\u00bbinitial\u00a0\u00bb background_position=\u00a0\u00bbtop_left\u00a0\u00bb background_repeat=\u00a0\u00bbrepeat\u00a0\u00bb][et_pb_column type=\u00a0\u00bb4_4&Prime;][et_pb_divider show_divider=\u00a0\u00bboff\u00a0\u00bb _builder_version=\u00a0\u00bb3.15&Prime; \/][\/et_pb_column][\/et_pb_row][\/et_pb_section]<\/p>\n","protected":false},"excerpt":{"rendered":"<p>Activities: Jardinage et Am\u00e9nagement Paysager &nbsp; D\u00e9veloppement de projets d&rsquo;am\u00e9nagement paysager Creaci\u00f3n y\/o restauraci\u00f3n de jardines (movimiento de tierras, plantaci\u00f3n, instalaci\u00f3n de riegos, etc.) Entretien complet des jardins \u00c9lagage en hauteur Int\u00e9gration des structures dans le paysage Inventaires d&rsquo;arbres<\/p>\n","protected":false},"author":1,"featured_media":0,"parent":2074,"menu_order":0,"comment_status":"closed","ping_status":"closed","template":"","meta":{"_et_pb_use_builder":"on","_et_pb_old_content":"","_et_gb_content_width":"","footnotes":""},"class_list":["post-2097","page","type-page","status-publish","hentry"],"_links":{"self":[{"href":"https:\/\/www.inffe.es\/fr\/wp-json\/wp\/v2\/pages\/2097","targetHints":{"allow":["GET"]}}],"collection":[{"href":"https:\/\/www.inffe.es\/fr\/wp-json\/wp\/v2\/pages"}],"about":[{"href":"https:\/\/www.inffe.es\/fr\/wp-json\/wp\/v2\/types\/page"}],"author":[{"embeddable":true,"href":"https:\/\/www.inffe.es\/fr\/wp-json\/wp\/v2\/users\/1"}],"replies":[{"embeddable":true,"href":"https:\/\/www.inffe.es\/fr\/wp-json\/wp\/v2\/comments?post=2097"}],"version-history":[{"count":12,"href":"https:\/\/www.inffe.es\/fr\/wp-json\/wp\/v2\/pages\/2097\/revisions"}],"predecessor-version":[{"id":2121,"href":"https:\/\/www.inffe.es\/fr\/wp-json\/wp\/v2\/pages\/2097\/revisions\/2121"}],"up":[{"embeddable":true,"href":"https:\/\/www.inffe.es\/fr\/wp-json\/wp\/v2\/pages\/2074"}],"wp:attachment":[{"href":"https:\/\/www.inffe.es\/fr\/wp-json\/wp\/v2\/media?parent=2097"}],"curies":[{"name":"wp","href":"https:\/\/api.w.org\/{rel}","templated":true}]}}