{"id":2074,"date":"2018-09-24T10:51:22","date_gmt":"2018-09-24T10:51:22","guid":{"rendered":"https:\/\/www.inffe.es\/areas-de-trabajo\/"},"modified":"2020-10-29T17:34:20","modified_gmt":"2020-10-29T17:34:20","slug":"activites","status":"publish","type":"page","link":"https:\/\/www.inffe.es\/fr\/activites\/","title":{"rendered":"ACTIVIT\u00c9S"},"content":{"rendered":"<p>[et_pb_section bb_built=\u00a0\u00bb1&Prime; _builder_version=\u00a0\u00bb3.0.47&Prime;][et_pb_row use_custom_width=\u00a0\u00bbon\u00a0\u00bb use_custom_gutter=\u00a0\u00bbon\u00a0\u00bb gutter_width=\u00a0\u00bb2&Prime; make_equal=\u00a0\u00bbon\u00a0\u00bb _builder_version=\u00a0\u00bb3.14&Prime;][et_pb_column type=\u00a0\u00bb1_3&Prime;][et_pb_image src=\u00a0\u00bbhttps:\/\/www.inffe.es\/wp-content\/uploads\/2018\/09\/01.jpg\u00a0\u00bb url=\u00a0\u00bbhttps:\/\/www.inffe.es\/fr\/sanidad\/\u00a0\u00bb use_overlay=\u00a0\u00bbon\u00a0\u00bb overlay_icon_color=\u00a0\u00bb#ffffff\u00a0\u00bb hover_overlay_color=\u00a0\u00bbrgba(83,187,50,0.86)\u00a0\u00bb hover_icon=\u00a0\u00bb%%5%%\u00a0\u00bb _builder_version=\u00a0\u00bb3.19.18&Prime;]<\/p>\n<p><\/p>\n<p>[\/et_pb_image][et_pb_text _builder_version=\u00a0\u00bb3.19.18&Prime;]<\/p>\n<p><a href=\"https:\/\/www.inffe.es\/fr\/sanidad\/\"><\/p>\n<h3>Sant\u00e9 et Protection V\u00e9g\u00e9tale<\/h3>\n<p> <i class=\"fa fa-external-link-square \" ><\/i> <\/a><\/p>\n<p>[\/et_pb_text][et_pb_text _builder_version=\u00a0\u00bb3.17.6&Prime;]<\/p>\n<ul>\n<li>Suivis Phytosanitaires<\/li>\n<li>Lutte Int\u00e9gr\u00e9e<\/li>\n<li>Contr\u00f4le Biologique<\/li>\n<li>Traitements Phytosanitaires<\/li>\n<\/ul>\n<p>[\/et_pb_text][\/et_pb_column][et_pb_column type=\u00a0\u00bb1_3&Prime;][et_pb_image src=\u00a0\u00bbhttps:\/\/www.inffe.es\/wp-content\/uploads\/2018\/09\/02-1.jpg\u00a0\u00bb url=\u00a0\u00bbhttps:\/\/www.inffe.es\/fr\/endoterapia\u00a0\u00bb use_overlay=\u00a0\u00bbon\u00a0\u00bb overlay_icon_color=\u00a0\u00bb#ffffff\u00a0\u00bb hover_overlay_color=\u00a0\u00bbrgba(83,187,50,0.86)\u00a0\u00bb hover_icon=\u00a0\u00bb%%5%%\u00a0\u00bb _builder_version=\u00a0\u00bb3.19.18&Prime;]<\/p>\n<p><\/p>\n<p>[\/et_pb_image][et_pb_text _builder_version=\u00a0\u00bb3.19.18&Prime;]<\/p>\n<p><a href=\"https:\/\/www.inffe.es\/fr\/endoterapia\"><\/p>\n<h3>Endoth\u00e9rapie et traitements particuliers<\/h3>\n<p><i class=\"fa fa-external-link-square \" ><\/i><\/a><\/p>\n<p>[\/et_pb_text][\/et_pb_column][et_pb_column type=\u00a0\u00bb1_3&Prime;][et_pb_image src=\u00a0\u00bbhttps:\/\/www.inffe.es\/wp-content\/uploads\/03.jpg\u00a0\u00bb url=\u00a0\u00bbhttps:\/\/www.inffe.es\/fr\/valoracion\u00a0\u00bb use_overlay=\u00a0\u00bbon\u00a0\u00bb overlay_icon_color=\u00a0\u00bb#ffffff\u00a0\u00bb hover_overlay_color=\u00a0\u00bbrgba(83,187,50,0.86)\u00a0\u00bb hover_icon=\u00a0\u00bb%%5%%\u00a0\u00bb _builder_version=\u00a0\u00bb3.19.18&Prime;]<\/p>\n<p><\/p>\n<p>[\/et_pb_image][et_pb_text _builder_version=\u00a0\u00bb3.19.18&Prime;]<\/p>\n<p><a href=\"https:\/\/www.inffe.es\/fr\/valoracion\"><\/p>\n<h3>\u00c9valuation de risque des arbres<\/h3>\n<p><i class=\"fa fa-external-link-square \" ><\/i><\/a><\/p>\n<p>[\/et_pb_text][\/et_pb_column][\/et_pb_row][et_pb_row use_custom_width=\u00a0\u00bbon\u00a0\u00bb use_custom_gutter=\u00a0\u00bbon\u00a0\u00bb gutter_width=\u00a0\u00bb2&Prime; make_equal=\u00a0\u00bbon\u00a0\u00bb _builder_version=\u00a0\u00bb3.14&Prime;][et_pb_column type=\u00a0\u00bb1_3&Prime;][et_pb_image src=\u00a0\u00bbhttps:\/\/www.inffe.es\/wp-content\/uploads\/10-3.jpg\u00a0\u00bb url=\u00a0\u00bbhttps:\/\/www.inffe.es\/fr\/fauna-y-flora\u00a0\u00bb use_overlay=\u00a0\u00bbon\u00a0\u00bb overlay_icon_color=\u00a0\u00bb#ffffff\u00a0\u00bb hover_overlay_color=\u00a0\u00bbrgba(83,187,50,0.86)\u00a0\u00bb hover_icon=\u00a0\u00bb%%5%%\u00a0\u00bb _builder_version=\u00a0\u00bb3.19.18&Prime;]<\/p>\n<p><\/p>\n<p>[\/et_pb_image][et_pb_text _builder_version=\u00a0\u00bb3.19.18&Prime;]<\/p>\n<p><a href=\"https:\/\/www.inffe.es\/fr\/fauna-y-flora\"><\/p>\n<h3>\nFaune et Flaure<\/h3>\n<p><i class=\"fa fa-external-link-square \" ><\/i> <\/a><\/p>\n<p>[\/et_pb_text][et_pb_text _builder_version=\u00a0\u00bb3.17.6&Prime;]<\/p>\n<ul>\n<li>\u00c9tudes et Suivis<\/li>\n<li>\u00c9laboration d\u00b4atlas et de catalogues<\/li>\n<\/ul>\n<p>[\/et_pb_text][\/et_pb_column][et_pb_column type=\u00a0\u00bb1_3&Prime;][et_pb_image src=\u00a0\u00bbhttps:\/\/www.inffe.es\/wp-content\/uploads\/01-6.jpg\u00a0\u00bb url=\u00a0\u00bbhttps:\/\/www.inffe.es\/fr\/consultoria\u00a0\u00bb use_overlay=\u00a0\u00bbon\u00a0\u00bb overlay_icon_color=\u00a0\u00bb#ffffff\u00a0\u00bb hover_overlay_color=\u00a0\u00bbrgba(83,187,50,0.86)\u00a0\u00bb hover_icon=\u00a0\u00bb%%5%%\u00a0\u00bb _builder_version=\u00a0\u00bb3.19.18&Prime;]<\/p>\n<p><\/p>\n<p>[\/et_pb_image][et_pb_text _builder_version=\u00a0\u00bb3.21&Prime;]<\/p>\n<p>\u00a0<\/p>\n<p>\u00a0<\/p>\n<h3>Consultation et Assistance<\/h3>\n<p>\u00a0<\/p>\n<p><a title=\"consultoria\" href=\"https:\/\/www.inffe.es\/fr\/consultoria\"><i class=\"fa fa-external-link-square \" ><\/i><\/a><\/p>\n<p>[\/et_pb_text][\/et_pb_column][et_pb_column type=\u00a0\u00bb1_3&Prime;][et_pb_image src=\u00a0\u00bbhttps:\/\/www.inffe.es\/wp-content\/uploads\/06-7.jpg\u00a0\u00bb url=\u00a0\u00bbhttps:\/\/www.inffe.es\/fr\/planes\u00a0\u00bb use_overlay=\u00a0\u00bbon\u00a0\u00bb overlay_icon_color=\u00a0\u00bb#ffffff\u00a0\u00bb hover_overlay_color=\u00a0\u00bbrgba(83,187,50,0.86)\u00a0\u00bb hover_icon=\u00a0\u00bb%%5%%\u00a0\u00bb _builder_version=\u00a0\u00bb3.19.18&Prime;]<\/p>\n<p><\/p>\n<p>[\/et_pb_image][et_pb_text _builder_version=\u00a0\u00bb3.19.18&Prime;]<\/p>\n<h3><a href=\"https:\/\/www.inffe.es\/fr\/planes\">Plans, \u00c9tudes et Projets<\/a><\/h3>\n<p><a href=\"https:\/\/www.inffe.es\/\/planes\"> <i class=\"fa fa-external-link-square \" ><\/i><\/a><\/p>\n<p>[\/et_pb_text][\/et_pb_column][\/et_pb_row][et_pb_row use_custom_width=\u00a0\u00bbon\u00a0\u00bb use_custom_gutter=\u00a0\u00bbon\u00a0\u00bb gutter_width=\u00a0\u00bb2&Prime; make_equal=\u00a0\u00bbon\u00a0\u00bb _builder_version=\u00a0\u00bb3.14&Prime;][et_pb_column type=\u00a0\u00bb1_3&Prime;][et_pb_image src=\u00a0\u00bbhttps:\/\/www.inffe.es\/wp-content\/uploads\/04-8.jpg\u00a0\u00bb url=\u00a0\u00bbhttps:\/\/www.inffe.es\/fr\/educacion\u00a0\u00bb use_overlay=\u00a0\u00bbon\u00a0\u00bb overlay_icon_color=\u00a0\u00bb#ffffff\u00a0\u00bb hover_overlay_color=\u00a0\u00bbrgba(83,187,50,0.86)\u00a0\u00bb hover_icon=\u00a0\u00bb%%5%%\u00a0\u00bb _builder_version=\u00a0\u00bb3.19.18&Prime;]<\/p>\n<p><\/p>\n<p>[\/et_pb_image][et_pb_text _builder_version=\u00a0\u00bb3.19.18&Prime;]<\/p>\n<p><a href=\"https:\/\/www.inffe.es\/fr\/educacion\"><\/p>\n<h3>\u00c9ducation et Divulgation<\/h3>\n<p><i class=\"fa fa-external-link-square \" ><\/i> <\/a><\/p>\n<p>[\/et_pb_text][\/et_pb_column][et_pb_column type=\u00a0\u00bb1_3&Prime;][et_pb_image src=\u00a0\u00bbhttps:\/\/www.inffe.es\/wp-content\/uploads\/01-10.jpg\u00a0\u00bb url=\u00a0\u00bbhttps:\/\/www.inffe.es\/fr\/jardineria\u00a0\u00bb use_overlay=\u00a0\u00bbon\u00a0\u00bb overlay_icon_color=\u00a0\u00bb#ffffff\u00a0\u00bb hover_overlay_color=\u00a0\u00bbrgba(83,187,50,0.86)\u00a0\u00bb hover_icon=\u00a0\u00bb%%5%%\u00a0\u00bb _builder_version=\u00a0\u00bb3.19.18&Prime;]<\/p>\n<p><\/p>\n<p>[\/et_pb_image][et_pb_text _builder_version=\u00a0\u00bb3.19.18&Prime;]<\/p>\n<p><a href=\"https:\/\/www.inffe.es\/fr\/jardineria\"><\/p>\n<h3>Jardinage et Am\u00e9nagement Paysagero<\/h3>\n<p><i class=\"fa fa-external-link-square \" ><\/i><\/a><\/p>\n<p>[\/et_pb_text][\/et_pb_column][et_pb_column type=\u00a0\u00bb1_3&Prime;][et_pb_image src=\u00a0\u00bbhttps:\/\/www.inffe.es\/wp-content\/uploads\/18-1.jpg\u00a0\u00bb url=\u00a0\u00bbhttps:\/\/www.inffe.es\/fr\/trabajos\u00a0\u00bb use_overlay=\u00a0\u00bbon\u00a0\u00bb overlay_icon_color=\u00a0\u00bb#ffffff\u00a0\u00bb hover_overlay_color=\u00a0\u00bbrgba(83,187,50,0.86)\u00a0\u00bb hover_icon=\u00a0\u00bb%%5%%\u00a0\u00bb _builder_version=\u00a0\u00bb3.19.18&Prime;]<\/p>\n<p><\/p>\n<p>[\/et_pb_image][et_pb_text _builder_version=\u00a0\u00bb3.19.18&Prime;]<\/p>\n<p><a href=\"https:\/\/www.inffe.es\/fr\/trabajos\"><\/p>\n<h3>Travaux Forestiers<\/h3>\n<p><i class=\"fa fa-external-link-square \" ><\/i><\/a><\/p>\n<p>[\/et_pb_text][\/et_pb_column][\/et_pb_row][\/et_pb_section]<\/p>\n","protected":false},"excerpt":{"rendered":"<p>Sant\u00e9 et Protection V\u00e9g\u00e9tale <i class=\"fa fa-external-link-square \" ><\/i> Suivis Phytosanitaires Lutte Int\u00e9gr\u00e9e Contr\u00f4le Biologique Traitements Phytosanitaires Endoth\u00e9rapie et traitements particuliers <i class=\"fa fa-external-link-square \" ><\/i> \u00c9valuation de risque des arbres <i class=\"fa fa-external-link-square \" ><\/i> Faune et Flaure <i class=\"fa fa-external-link-square \" ><\/i> \u00c9tudes et Suivis \u00c9laboration d\u00b4atlas et de catalogues \u00a0\u00a0Consultation et Assistance\u00a0<i class=\"fa fa-external-link-square \" ><\/i> Plans, [&hellip;]<\/p>\n","protected":false},"author":1,"featured_media":0,"parent":0,"menu_order":0,"comment_status":"closed","ping_status":"closed","template":"","meta":{"_et_pb_use_builder":"on","_et_pb_old_content":"","_et_gb_content_width":"","footnotes":""},"class_list":["post-2074","page","type-page","status-publish","hentry"],"_links":{"self":[{"href":"https:\/\/www.inffe.es\/fr\/wp-json\/wp\/v2\/pages\/2074","targetHints":{"allow":["GET"]}}],"collection":[{"href":"https:\/\/www.inffe.es\/fr\/wp-json\/wp\/v2\/pages"}],"about":[{"href":"https:\/\/www.inffe.es\/fr\/wp-json\/wp\/v2\/types\/page"}],"author":[{"embeddable":true,"href":"https:\/\/www.inffe.es\/fr\/wp-json\/wp\/v2\/users\/1"}],"replies":[{"embeddable":true,"href":"https:\/\/www.inffe.es\/fr\/wp-json\/wp\/v2\/comments?post=2074"}],"version-history":[{"count":9,"href":"https:\/\/www.inffe.es\/fr\/wp-json\/wp\/v2\/pages\/2074\/revisions"}],"predecessor-version":[{"id":2575,"href":"https:\/\/www.inffe.es\/fr\/wp-json\/wp\/v2\/pages\/2074\/revisions\/2575"}],"wp:attachment":[{"href":"https:\/\/www.inffe.es\/fr\/wp-json\/wp\/v2\/media?parent=2074"}],"curies":[{"name":"wp","href":"https:\/\/api.w.org\/{rel}","templated":true}]}}