{"id":2064,"date":"2018-08-07T20:18:16","date_gmt":"2018-08-07T20:18:16","guid":{"rendered":"https:\/\/www.inffe.es\/inicio\/"},"modified":"2020-01-09T11:28:06","modified_gmt":"2020-01-09T11:28:06","slug":"inicio","status":"publish","type":"page","link":"https:\/\/www.inffe.es\/fr\/","title":{"rendered":"ACCUEIL"},"content":{"rendered":"<p>[et_pb_section bb_built=\u00a0\u00bb1&Prime; _builder_version=\u00a0\u00bb3.14&Prime; custom_padding=\u00a0\u00bb0|0px|0|0px|false|false\u00a0\u00bb next_background_color=\u00a0\u00bb#000000&Prime;][et_pb_row use_custom_width=\u00a0\u00bbon\u00a0\u00bb width_unit=\u00a0\u00bboff\u00a0\u00bb custom_width_percent=\u00a0\u00bb100%\u00a0\u00bb custom_padding=\u00a0\u00bb0px|0px||0px|false|false\u00a0\u00bb custom_margin=\u00a0\u00bb0px||\u00a0\u00bb padding_top_1=\u00a0\u00bb0px\u00a0\u00bb _builder_version=\u00a0\u00bb3.17.1&Prime;][et_pb_column type=\u00a0\u00bb4_4&Prime;][et_pb_code custom_margin=\u00a0\u00bb0px||\u00a0\u00bb custom_padding=\u00a0\u00bb0px||\u00a0\u00bb _builder_version=\u00a0\u00bb3.21&Prime;][\/et_pb_code][\/et_pb_column][\/et_pb_row][\/et_pb_section][et_pb_section bb_built=\u00a0\u00bb1&Prime; _builder_version=\u00a0\u00bb3.0.47&Prime; custom_padding=\u00a0\u00bb0|0px|2px|0px|false|false\u00a0\u00bb prev_background_color=\u00a0\u00bb#000000&Prime; next_background_color=\u00a0\u00bb#000000&Prime;][et_pb_row custom_padding=\u00a0\u00bb27px|0px|2px|0px|false|false\u00a0\u00bb _builder_version=\u00a0\u00bb3.0.48&Prime; background_size=\u00a0\u00bbinitial\u00a0\u00bb background_position=\u00a0\u00bbtop_left\u00a0\u00bb background_repeat=\u00a0\u00bbrepeat\u00a0\u00bb][et_pb_column type=\u00a0\u00bb1_4&Prime;][et_pb_image src=\u00a0\u00bbhttps:\/\/www.inffe.es\/wp-content\/uploads\/logo-INFFE-B-N.jpg\u00a0\u00bb show_bottom_space=\u00a0\u00bboff\u00a0\u00bb align=\u00a0\u00bbcenter\u00a0\u00bb _builder_version=\u00a0\u00bb3.17.6&Prime; max_width=\u00a0\u00bb70%\u00a0\u00bb \/][\/et_pb_column][et_pb_column type=\u00a0\u00bb3_4&Prime;][et_pb_text _builder_version=\u00a0\u00bb3.14&Prime;]<\/p>\n<blockquote>\n<p><strong>INFFE<\/strong>, IIng\u00e9nierie Pour l\u00b4Environnement, S.L. est une entreprise de services cr\u00e9\u00e9e avec l&rsquo;objectif de satisfaire les demandes existantes dans le domaine de l\u00b4environnement, du secteur public et du priv\u00e9.<\/p>\n<p><strong>Il d\u00e9veloppe son activit\u00e9 principalement dans le Domaine Forestier, dans les Espaces Verts Urbains et dans les Espaces Naturels Prot\u00e9g\u00e9s de tout le territoire espagnol.<\/strong><\/p>\n<p>Il r\u00e9alise des \u00e9tudes et des recherches, certaines de ces derni\u00e8res en collaboration avec diff\u00e9rentes universit\u00e9s.<\/p>\n<\/blockquote>\n<p>[\/et_pb_text][\/et_pb_column][\/et_pb_row][\/et_pb_section][et_pb_section bb_built=\u00a0\u00bb1&Prime; _builder_version=\u00a0\u00bb3.14&Prime; custom_padding=\u00a0\u00bb29px|0px|54px|0px|false|false\u00a0\u00bb prev_background_color=\u00a0\u00bb#000000&Prime; next_background_color=\u00a0\u00bb#000000&Prime;][et_pb_row custom_padding=\u00a0\u00bb0|0px|27px|0px|false|false\u00a0\u00bb _builder_version=\u00a0\u00bb3.14&Prime;][et_pb_column type=\u00a0\u00bb1_3&Prime;][et_pb_image src=\u00a0\u00bbhttps:\/\/www.inffe.es\/wp-content\/uploads\/inffe_home_01.jpg\u00a0\u00bb force_fullwidth=\u00a0\u00bbon\u00a0\u00bb _builder_version=\u00a0\u00bb3.17.6&Prime; \/][et_pb_blurb title=\u00a0\u00bbMoyens humains\u00a0\u00bb _builder_version=\u00a0\u00bb3.15&Prime;]<\/p>\n<div id=\"recorte\">\n<p>\nINFFE est int\u00e9gr\u00e9e par professionnels avec beaucoup d&rsquo;ann\u00e9es d&rsquo;exp\u00e9rience sur les diff\u00e9rents champs qu&rsquo;il aborde.<\/p>\n<p>L&rsquo;entreprise dispose d&rsquo;une \u00e9quipe pluridisciplinaire form\u00e9e par des Ing\u00e9nieurs, des Biologistes et d&rsquo;autres Techniciens. Parmi ceux-ci il y a des conseillers en Sant\u00e9 V\u00e9g\u00e9tale ainsi qu\u00b4arboristes sp\u00e9tialis\u00e9s en \u00e9valuation de risque des arbres<\/p>\n<p>Due a la sp\u00e9cialisation que requi\u00e8rent certains travaux, INFFE a cr\u00e9\u00e9 un r\u00e9seau \u00e9tendu de collaborateurs, gr\u00e2ce auquel elle garantie la plus grande fiabilit\u00e9 dans son ex\u00e9cution.\n<\/p>\n<\/div>\n<p>[\/et_pb_blurb][\/et_pb_column][et_pb_column type=\u00a0\u00bb1_3&Prime;][et_pb_image src=\u00a0\u00bbhttps:\/\/www.inffe.es\/wp-content\/uploads\/inffe_home_02.jpg\u00a0\u00bb force_fullwidth=\u00a0\u00bbon\u00a0\u00bb _builder_version=\u00a0\u00bb3.17.6&Prime; \/][et_pb_blurb title=\u00a0\u00bbMoyens mat\u00e9riels\u00a0\u00bb _builder_version=\u00a0\u00bb3.21&Prime;]<\/p>\n<p><strong>INFFE<\/strong> est une entreprise sp\u00e9cialis\u00e9e mais \u00e0 la fois totalement versatile, dont l&rsquo;engagement ferme est d&rsquo;offrir une qualit\u00e9 optimale dans travaux qu&rsquo;il r\u00e9alise<\/p>\n<p>[\/et_pb_blurb][et_pb_accordion _builder_version=\u00a0\u00bb3.19.18&Prime; toggle_font=\u00a0\u00bb|600|||||||\u00a0\u00bb toggle_font_size=\u00a0\u00bb12px\u00a0\u00bb border_width_all=\u00a0\u00bb0px\u00a0\u00bb custom_margin=\u00a0\u00bb|||\u00a0\u00bb custom_padding=\u00a0\u00bb|||\u00a0\u00bb][et_pb_accordion_item title=\u00a0\u00bbSANT\u00c9 V\u00c9G\u00c9TALE\u00a0\u00bb open=\u00a0\u00bbon\u00a0\u00bb _builder_version=\u00a0\u00bb3.19.18&Prime; title_font_size=\u00a0\u00bb16&Prime; title_text_shadow_horizontal_length=\u00a0\u00bb0em\u00a0\u00bb title_text_shadow_vertical_length=\u00a0\u00bb0em\u00a0\u00bb title_text_shadow_blur_strength=\u00a0\u00bb0em\u00a0\u00bb body_text_shadow_horizontal_length=\u00a0\u00bb0em\u00a0\u00bb body_text_shadow_vertical_length=\u00a0\u00bb0em\u00a0\u00bb body_text_shadow_blur_strength=\u00a0\u00bb0em\u00a0\u00bb]\u00b7 Laboratoire pour l&rsquo;\u00e9levage et identification d\u00b4organismes nuisibles et de ses ennemis naturels<br \/>\n\u00b7 \u00c9quipes d\u00b4echantillonage<br \/>\n\u00b7 Pi\u00e8ges \u00e1 ph\u00e9romones (Delta, Theysohn, un type \u00ab\u00a0G\u00a0\u00bb, de capture massive, etc..)<br \/>\n\u00b7 Machines pour la r\u00e9alisation de traitements phytosanitaires (canons, atomiseurs &#8211; ULV-, pulv\u00e9risateurs, sacs \u00e0 dos, etc.)<br \/>\n[\/et_pb_accordion_item][et_pb_accordion_item title=\u00a0\u00bb\u00c9VALUATION DU RISQUE DES ARBRES\u00a0\u00bb open=\u00a0\u00bboff\u00a0\u00bb _builder_version=\u00a0\u00bb3.19.18&Prime; title_font_size=\u00a0\u00bb16&Prime; title_text_shadow_horizontal_length=\u00a0\u00bb0em\u00a0\u00bb title_text_shadow_vertical_length=\u00a0\u00bb0em\u00a0\u00bb title_text_shadow_blur_strength=\u00a0\u00bb0em\u00a0\u00bb body_text_shadow_horizontal_length=\u00a0\u00bb0em\u00a0\u00bb body_text_shadow_vertical_length=\u00a0\u00bb0em\u00a0\u00bb body_text_shadow_blur_strength=\u00a0\u00bb0em\u00a0\u00bb]\u00b7 Tomographe<br \/>\n\u00b7 R\u00e9sistographe<br \/>\n\u00b7 Fractom\u00e8tre<br \/>\n\u00b7 Tari\u00e8re de Pressler<br \/>\n[\/et_pb_accordion_item][et_pb_accordion_item title=\u00a0\u00bbFAUNE\u00a0\u00bb open=\u00a0\u00bboff\u00a0\u00bb _builder_version=\u00a0\u00bb3.19.18&Prime; title_font_size=\u00a0\u00bb16&Prime; title_text_shadow_horizontal_length=\u00a0\u00bb0em\u00a0\u00bb title_text_shadow_vertical_length=\u00a0\u00bb0em\u00a0\u00bb title_text_shadow_blur_strength=\u00a0\u00bb0em\u00a0\u00bb body_text_shadow_horizontal_length=\u00a0\u00bb0em\u00a0\u00bb body_text_shadow_vertical_length=\u00a0\u00bb0em\u00a0\u00bb body_text_shadow_blur_strength=\u00a0\u00bb0em\u00a0\u00bb]\u00b7 Syst\u00e8mes de capture non sanglante pour toute les esp\u00e8ce de faune<br \/>\n\u00b7 \u00c9quipes de photos et videotracking pour suivi de faune sauvage<br \/>\n\u00b7 \u00c9quipes optiques pour des \u00e9tudes de faune<br \/>\n\u00b7 \u00c9quipement pour la manipulation s\u00fbre de faune sauvage<br \/>\n\u00b7 \u00c9quipes de radio-suivi<br \/>\n\u00b7 \u00c9quipes de monitorage acoustique de chauve-souris<br \/>\n[\/et_pb_accordion_item][et_pb_accordion_item title=\u00a0\u00bbTRAVAUX FORESTIERS ET JARDINAGE\u00a0\u00bb open=\u00a0\u00bboff\u00a0\u00bb _builder_version=\u00a0\u00bb3.19.18&Prime; title_font_size=\u00a0\u00bb16&Prime; title_text_shadow_horizontal_length=\u00a0\u00bb0em\u00a0\u00bb title_text_shadow_vertical_length=\u00a0\u00bb0em\u00a0\u00bb title_text_shadow_blur_strength=\u00a0\u00bb0em\u00a0\u00bb body_text_shadow_horizontal_length=\u00a0\u00bb0em\u00a0\u00bb body_text_shadow_vertical_length=\u00a0\u00bb0em\u00a0\u00bb body_text_shadow_blur_strength=\u00a0\u00bb0em\u00a0\u00bb]<b>TRABAJOS FORESTALES Y JARDINER\u00cdA<\/b><br \/>\n\u00b7 Skidders<br \/>\n\u00b7 Tracteurs \u00e9quip\u00e9s de broyeur marteau<br \/>\n\u00b7 Tracteurs \u00e9quip\u00e9s de broyeur cha\u00eene<br \/>\n\u00b7 Grues pour taille en hauteur<br \/>\n\u00b7 Cuves pour arrosage<br \/>\n\u00b7 Pelles araign\u00e9e \u00b7 Pelleteuses<br \/>\n[\/et_pb_accordion_item][et_pb_accordion_item title=\u00a0\u00bbAUTRES\u00a0\u00bb open=\u00a0\u00bboff\u00a0\u00bb _builder_version=\u00a0\u00bb3.19.18&Prime; title_font_size=\u00a0\u00bb16&Prime; title_text_shadow_horizontal_length=\u00a0\u00bb0em\u00a0\u00bb title_text_shadow_vertical_length=\u00a0\u00bb0em\u00a0\u00bb title_text_shadow_blur_strength=\u00a0\u00bb0em\u00a0\u00bb body_text_shadow_horizontal_length=\u00a0\u00bb0em\u00a0\u00bb body_text_shadow_vertical_length=\u00a0\u00bb0em\u00a0\u00bb body_text_shadow_blur_strength=\u00a0\u00bb0em\u00a0\u00bb]\u00b7 GPS de derni\u00e8re technologie<br \/>\n\u00b7 \u00c9quipes photographiques professionnelles<br \/>\n[\/et_pb_accordion_item][\/et_pb_accordion][\/et_pb_column][et_pb_column type=\u00a0\u00bb1_3&Prime;][et_pb_image src=\u00a0\u00bbhttps:\/\/www.inffe.es\/wp-content\/uploads\/inffe_home_03.jpg\u00a0\u00bb force_fullwidth=\u00a0\u00bbon\u00a0\u00bb _builder_version=\u00a0\u00bb3.17.6&Prime; \/][et_pb_blurb title=\u00a0\u00bbPr\u00e9vention de Risques Proffesionnels\u00a0\u00bb _builder_version=\u00a0\u00bb3.14&Prime;]<\/p>\n<div id=\"recorte2\">\n<p>Selon la Loi 31\/1995, du 8 de novembre, de la Pr\u00e9vention de Risques Proffesionnels et en accord avec le R\u00e8glement des Services de Pr\u00e9vention, INFFE a concert\u00e9 avec un Service Externe de Pr\u00e9vention (avec l&rsquo;entreprise MGO), accr\u00e9dit\u00e9 pour agir comme tel, dans toutes les modalit\u00e9s de pr\u00e9vention:<\/p>\n<p>\n\u00b7 S\u00e9curit\u00e9 au travail<br \/>\n\u00b7 Hygi\u00e8ne industrielle<br \/>\n\u00b7 Ergonomie<br \/>\n\u00b7 Suivi M\u00e9dical de la Sant\u00e9<\/p>\n<\/div>\n<p>[\/et_pb_blurb][\/et_pb_column][\/et_pb_row][\/et_pb_section][et_pb_section bb_built=\u00a0\u00bb1&Prime; _builder_version=\u00a0\u00bb3.17.6&Prime; background_image=\u00a0\u00bbhttps:\/\/www.inffe.es\/\/wp-content\/uploads\/footer.jpg\u00a0\u00bb background_size=\u00a0\u00bbcontain\u00a0\u00bb background_repeat=\u00a0\u00bbrepeat-x\u00a0\u00bb custom_padding=\u00a0\u00bb127px|0px|0|0px|false|false\u00a0\u00bb prev_background_color=\u00a0\u00bb#ffffff\u00a0\u00bb][\/et_pb_section]<\/p>\n","protected":false},"excerpt":{"rendered":"<p> INFFE, IIng\u00e9nierie Pour l\u00b4Environnement, S.L. est une entreprise de services cr\u00e9\u00e9e avec l&rsquo;objectif de satisfaire les demandes existantes dans le domaine de l\u00b4environnement, du secteur public et du priv\u00e9. Il d\u00e9veloppe son activit\u00e9 principalement dans le Domaine Forestier, dans les Espaces Verts Urbains et dans les Espaces Naturels Prot\u00e9g\u00e9s de tout le territoire [&hellip;]<\/p>\n","protected":false},"author":1,"featured_media":0,"parent":0,"menu_order":0,"comment_status":"closed","ping_status":"closed","template":"","meta":{"_et_pb_use_builder":"on","_et_pb_old_content":"","_et_gb_content_width":"","footnotes":""},"class_list":["post-2064","page","type-page","status-publish","hentry"],"_links":{"self":[{"href":"https:\/\/www.inffe.es\/fr\/wp-json\/wp\/v2\/pages\/2064","targetHints":{"allow":["GET"]}}],"collection":[{"href":"https:\/\/www.inffe.es\/fr\/wp-json\/wp\/v2\/pages"}],"about":[{"href":"https:\/\/www.inffe.es\/fr\/wp-json\/wp\/v2\/types\/page"}],"author":[{"embeddable":true,"href":"https:\/\/www.inffe.es\/fr\/wp-json\/wp\/v2\/users\/1"}],"replies":[{"embeddable":true,"href":"https:\/\/www.inffe.es\/fr\/wp-json\/wp\/v2\/comments?post=2064"}],"version-history":[{"count":10,"href":"https:\/\/www.inffe.es\/fr\/wp-json\/wp\/v2\/pages\/2064\/revisions"}],"predecessor-version":[{"id":2382,"href":"https:\/\/www.inffe.es\/fr\/wp-json\/wp\/v2\/pages\/2064\/revisions\/2382"}],"wp:attachment":[{"href":"https:\/\/www.inffe.es\/fr\/wp-json\/wp\/v2\/media?parent=2064"}],"curies":[{"name":"wp","href":"https:\/\/api.w.org\/{rel}","templated":true}]}}