{"id":2044,"date":"2018-10-01T19:58:23","date_gmt":"2018-10-01T19:58:23","guid":{"rendered":"https:\/\/www.inffe.es\/planes-estudios-y-proyectos\/"},"modified":"2019-03-18T21:44:54","modified_gmt":"2019-03-18T21:44:54","slug":"plans-etudes-et-projets","status":"publish","type":"page","link":"https:\/\/www.inffe.es\/fr\/activites\/plans-etudes-et-projets\/","title":{"rendered":"Plans, \u00c9tudes et Projets"},"content":{"rendered":"<p>[et_pb_section bb_built=\u00a0\u00bb1&Prime; _builder_version=\u00a0\u00bb3.14&Prime; background_color=\u00a0\u00bb#53bb32&Prime; custom_padding=\u00a0\u00bb0|0px|2px|0px|false|false\u00a0\u00bb next_background_color=\u00a0\u00bb#ffffff\u00a0\u00bb][et_pb_row custom_padding=\u00a0\u00bb63px|0px|27px|0px|false|false\u00a0\u00bb _builder_version=\u00a0\u00bb3.0.48&Prime; background_size=\u00a0\u00bbinitial\u00a0\u00bb background_position=\u00a0\u00bbtop_left\u00a0\u00bb background_repeat=\u00a0\u00bbrepeat\u00a0\u00bb][et_pb_column type=\u00a0\u00bb4_4&Prime;][et_pb_text _builder_version=\u00a0\u00bb3.21&Prime; text_font=\u00a0\u00bb|||on|||||\u00a0\u00bb]<\/p>\n<h2>ACTIVIT\u00c9S: <span style=\"color: #ffffff;\">Plans, \u00c9tudes et Projets<\/span><\/h2>\n<p>[\/et_pb_text][\/et_pb_column][\/et_pb_row][\/et_pb_section][et_pb_section bb_built=\u00a0\u00bb1&Prime; _builder_version=\u00a0\u00bb3.0.47&Prime; prev_background_color=\u00a0\u00bb#53bb32&Prime; next_background_color=\u00a0\u00bb#000000&Prime;][et_pb_row _builder_version=\u00a0\u00bb3.0.48&Prime; background_size=\u00a0\u00bbinitial\u00a0\u00bb background_position=\u00a0\u00bbtop_left\u00a0\u00bb background_repeat=\u00a0\u00bbrepeat\u00a0\u00bb][et_pb_column type=\u00a0\u00bb1_2&Prime;][et_pb_gallery gallery_ids=\u00a0\u00bb1695,1697,1699,1701,1703,1705,1707,1709,1711,1713,1715,1717,1719,1721,1723&Prime; fullwidth=\u00a0\u00bbon\u00a0\u00bb db_image_max_width_tablet=\u00a0\u00bb51&Prime; db_image_max_height_tablet=\u00a0\u00bb501&Prime; db_image_row_spacing_tablet=\u00a0\u00bb51&Prime; db_image_center_titles=\u00a0\u00bbleft\u00a0\u00bb db_image_object_fit=\u00a0\u00bbinitial\u00a0\u00bb hover_icon=\u00a0\u00bb%%51%%\u00a0\u00bb _builder_version=\u00a0\u00bb3.17.6&Prime; title_level=\u00a0\u00bbh2&Prime; auto=\u00a0\u00bbon\u00a0\u00bb auto_speed=\u00a0\u00bb2000&Prime;]<\/p>\n<p>&nbsp;<\/p>\n<p>[\/et_pb_gallery][\/et_pb_column][et_pb_column type=\u00a0\u00bb1_2&Prime;][et_pb_text admin_label=\u00a0\u00bbPlanes, Estudios y Proyectos\u00a0\u00bb _builder_version=\u00a0\u00bb3.21&Prime;]<\/p>\n<ul>\n<li>Plans d\u00b4am\u00e9nagement cyn\u00e9g\u00e9tique (chasse et p\u00eache)<\/li>\n<li>Plans d&rsquo;am\u00e9nagement des ressources naturelles (PORN, PRUG)<\/li>\n<li>PPlans techniques d\u00b4exploitation <\/li>\n<li>Planes T\u00e9cnicos de Aprovechamiento (bois, li\u00e8ge, champigons, etc.)<\/li>\n<li>\u00c9tudes du Milieu Physique<\/li>\n<li>\u00c9tudes d&rsquo;Impact Environnemental<\/li>\n<li>Projets de D\u00e9fense contre les Incendies<\/li>\n<li>Projets de Reboisement Forestier<\/li>\n<li>Projets de Planification Hydrologique-Foresti\u00e8re<\/li>\n<li>Projets pour la construction et\/ou restauration de Routes Foresti\u00e8res<\/li>\n<\/ul>\n<p>[\/et_pb_text][\/et_pb_column][\/et_pb_row][\/et_pb_section][et_pb_section bb_built=\u00a0\u00bb1&Prime; _builder_version=\u00a0\u00bb3.15&Prime; background_image=\u00a0\u00bbhttp:\/\/www.inffe.es\/\/wp-content\/uploads\/footer-area.jpg\u00a0\u00bb background_size=\u00a0\u00bbcontain\u00a0\u00bb background_repeat=\u00a0\u00bbrepeat-x\u00a0\u00bb prev_background_color=\u00a0\u00bb#ffffff\u00a0\u00bb][et_pb_row _builder_version=\u00a0\u00bb3.0.48&Prime; background_size=\u00a0\u00bbinitial\u00a0\u00bb background_position=\u00a0\u00bbtop_left\u00a0\u00bb background_repeat=\u00a0\u00bbrepeat\u00a0\u00bb][et_pb_column type=\u00a0\u00bb4_4&Prime;][et_pb_divider show_divider=\u00a0\u00bboff\u00a0\u00bb _builder_version=\u00a0\u00bb3.15&Prime; \/][\/et_pb_column][\/et_pb_row][\/et_pb_section]<\/p>\n","protected":false},"excerpt":{"rendered":"<p>ACTIVIT\u00c9S: Plans, \u00c9tudes et Projets &nbsp; Plans d\u00b4am\u00e9nagement cyn\u00e9g\u00e9tique (chasse et p\u00eache) Plans d&rsquo;am\u00e9nagement des ressources naturelles (PORN, PRUG) PPlans techniques d\u00b4exploitation Planes T\u00e9cnicos de Aprovechamiento (bois, li\u00e8ge, champigons, etc.) \u00c9tudes du Milieu Physique \u00c9tudes d&rsquo;Impact Environnemental Projets de D\u00e9fense contre les Incendies Projets de Reboisement Forestier Projets de Planification Hydrologique-Foresti\u00e8re Projets pour la construction [&hellip;]<\/p>\n","protected":false},"author":1,"featured_media":0,"parent":2074,"menu_order":0,"comment_status":"closed","ping_status":"closed","template":"","meta":{"_et_pb_use_builder":"on","_et_pb_old_content":"","_et_gb_content_width":"","footnotes":""},"class_list":["post-2044","page","type-page","status-publish","hentry"],"_links":{"self":[{"href":"https:\/\/www.inffe.es\/fr\/wp-json\/wp\/v2\/pages\/2044","targetHints":{"allow":["GET"]}}],"collection":[{"href":"https:\/\/www.inffe.es\/fr\/wp-json\/wp\/v2\/pages"}],"about":[{"href":"https:\/\/www.inffe.es\/fr\/wp-json\/wp\/v2\/types\/page"}],"author":[{"embeddable":true,"href":"https:\/\/www.inffe.es\/fr\/wp-json\/wp\/v2\/users\/1"}],"replies":[{"embeddable":true,"href":"https:\/\/www.inffe.es\/fr\/wp-json\/wp\/v2\/comments?post=2044"}],"version-history":[{"count":3,"href":"https:\/\/www.inffe.es\/fr\/wp-json\/wp\/v2\/pages\/2044\/revisions"}],"predecessor-version":[{"id":2216,"href":"https:\/\/www.inffe.es\/fr\/wp-json\/wp\/v2\/pages\/2044\/revisions\/2216"}],"up":[{"embeddable":true,"href":"https:\/\/www.inffe.es\/fr\/wp-json\/wp\/v2\/pages\/2074"}],"wp:attachment":[{"href":"https:\/\/www.inffe.es\/fr\/wp-json\/wp\/v2\/media?parent=2044"}],"curies":[{"name":"wp","href":"https:\/\/api.w.org\/{rel}","templated":true}]}}