{"id":2036,"date":"2018-10-01T18:48:23","date_gmt":"2018-10-01T18:48:23","guid":{"rendered":"https:\/\/www.inffe.es\/consultoria-y-asesoramiento\/"},"modified":"2020-11-03T10:27:44","modified_gmt":"2020-11-03T10:27:44","slug":"consultation-et-assistance","status":"publish","type":"page","link":"https:\/\/www.inffe.es\/fr\/activites\/consultation-et-assistance\/","title":{"rendered":"Consultation et Assistance"},"content":{"rendered":"<p>[et_pb_section bb_built=\u00a0\u00bb1&Prime; _builder_version=\u00a0\u00bb3.14&Prime; background_color=\u00a0\u00bb#53bb32&Prime; custom_padding=\u00a0\u00bb0|0px|2px|0px|false|false\u00a0\u00bb next_background_color=\u00a0\u00bb#ffffff\u00a0\u00bb][et_pb_row custom_padding=\u00a0\u00bb63px|0px|27px|0px|false|false\u00a0\u00bb _builder_version=\u00a0\u00bb3.0.48&Prime; background_size=\u00a0\u00bbinitial\u00a0\u00bb background_position=\u00a0\u00bbtop_left\u00a0\u00bb background_repeat=\u00a0\u00bbrepeat\u00a0\u00bb][et_pb_column type=\u00a0\u00bb4_4&Prime;][et_pb_text _builder_version=\u00a0\u00bb3.21&Prime; text_font=\u00a0\u00bb|||on|||||\u00a0\u00bb]<\/p>\n<h2>ACTIVIT\u00c9S: <span style=\"color: #ffffff;\"><br \/>\nConsultation et Assistance<\/span><\/h2>\n<p>[\/et_pb_text][\/et_pb_column][\/et_pb_row][\/et_pb_section][et_pb_section bb_built=\u00a0\u00bb1&Prime; _builder_version=\u00a0\u00bb3.0.47&Prime; prev_background_color=\u00a0\u00bb#53bb32&Prime; next_background_color=\u00a0\u00bb#000000&Prime;][et_pb_row _builder_version=\u00a0\u00bb3.0.48&Prime; background_size=\u00a0\u00bbinitial\u00a0\u00bb background_position=\u00a0\u00bbtop_left\u00a0\u00bb background_repeat=\u00a0\u00bbrepeat\u00a0\u00bb][et_pb_column type=\u00a0\u00bb1_2&Prime;][et_pb_gallery gallery_ids=\u00a0\u00bb1667,1669,1671,1673,1675,1677,1679,1681,1683,1685,1687,1689&Prime; fullwidth=\u00a0\u00bbon\u00a0\u00bb db_image_max_width_tablet=\u00a0\u00bb51&Prime; db_image_max_height_tablet=\u00a0\u00bb501&Prime; db_image_row_spacing_tablet=\u00a0\u00bb51&Prime; db_image_center_titles=\u00a0\u00bbleft\u00a0\u00bb db_image_object_fit=\u00a0\u00bbinitial\u00a0\u00bb hover_icon=\u00a0\u00bb%%51%%\u00a0\u00bb _builder_version=\u00a0\u00bb3.17.6&Prime; title_level=\u00a0\u00bbh2&Prime; auto=\u00a0\u00bbon\u00a0\u00bb auto_speed=\u00a0\u00bb2000&Prime;]<\/p>\n<p>\n&nbsp;<\/p>\n<p>[\/et_pb_gallery][\/et_pb_column][et_pb_column type=\u00a0\u00bb1_2&Prime;][et_pb_text admin_label=\u00a0\u00bbConsultoria \u00a0\u00bb _builder_version=\u00a0\u00bb3.21&Prime;]<\/p>\n<ul>\n<li>Direction des travaux et projets<\/li>\n<li>Projets SIG et applications informatiques<\/li>\n<li>Analyse des donn\u00e9es statistiques<\/li>\n<li>Valorisation des propi\u00e9t\u00e9s et des arbres ornementaux<\/li>\n<li>Traitement de la documentation pour les subventions<\/li>\n<li>Pr\u00e9paration de rapports \u00e0 valeur l\u00e9gale<\/li>\n<li>Pr\u00e9paration et traitement des all\u00e9gations contre les proc\u00e9dures de sanction<\/li>\n<li>Conseils juridiques<\/li>\n<li>Traitement de la demande et autorisation d&rsquo;\u00e9lagage et d&rsquo;abattage d&rsquo;arbres<\/li>\n<\/ul>\n<p>[\/et_pb_text][\/et_pb_column][\/et_pb_row][\/et_pb_section][et_pb_section bb_built=\u00a0\u00bb1&Prime; _builder_version=\u00a0\u00bb3.15&Prime; background_image=\u00a0\u00bbhttp:\/\/www.inffe.es\/\/wp-content\/uploads\/footer-area.jpg\u00a0\u00bb background_size=\u00a0\u00bbcontain\u00a0\u00bb background_repeat=\u00a0\u00bbrepeat-x\u00a0\u00bb prev_background_color=\u00a0\u00bb#ffffff\u00a0\u00bb][et_pb_row _builder_version=\u00a0\u00bb3.0.48&Prime; background_size=\u00a0\u00bbinitial\u00a0\u00bb background_position=\u00a0\u00bbtop_left\u00a0\u00bb background_repeat=\u00a0\u00bbrepeat\u00a0\u00bb][et_pb_column type=\u00a0\u00bb4_4&Prime;][et_pb_divider show_divider=\u00a0\u00bboff\u00a0\u00bb _builder_version=\u00a0\u00bb3.21&Prime; \/][\/et_pb_column][\/et_pb_row][\/et_pb_section]<\/p>\n","protected":false},"excerpt":{"rendered":"<p>ACTIVIT\u00c9S: Consultation et Assistance &nbsp; Direction des travaux et projetsProjets SIG et applications informatiquesAnalyse des donn\u00e9es statistiquesValorisation des propi\u00e9t\u00e9s et des arbres ornementauxTraitement de la documentation pour les subventionsPr\u00e9paration de rapports \u00e0 valeur l\u00e9galePr\u00e9paration et traitement des all\u00e9gations contre les proc\u00e9dures de sanctionConseils juridiquesTraitement de la demande et autorisation d&rsquo;\u00e9lagage et d&rsquo;abattage d&rsquo;arbres<\/p>\n","protected":false},"author":1,"featured_media":0,"parent":2074,"menu_order":0,"comment_status":"closed","ping_status":"closed","template":"","meta":{"_et_pb_use_builder":"on","_et_pb_old_content":"","_et_gb_content_width":"","footnotes":""},"class_list":["post-2036","page","type-page","status-publish","hentry"],"_links":{"self":[{"href":"https:\/\/www.inffe.es\/fr\/wp-json\/wp\/v2\/pages\/2036","targetHints":{"allow":["GET"]}}],"collection":[{"href":"https:\/\/www.inffe.es\/fr\/wp-json\/wp\/v2\/pages"}],"about":[{"href":"https:\/\/www.inffe.es\/fr\/wp-json\/wp\/v2\/types\/page"}],"author":[{"embeddable":true,"href":"https:\/\/www.inffe.es\/fr\/wp-json\/wp\/v2\/users\/1"}],"replies":[{"embeddable":true,"href":"https:\/\/www.inffe.es\/fr\/wp-json\/wp\/v2\/comments?post=2036"}],"version-history":[{"count":5,"href":"https:\/\/www.inffe.es\/fr\/wp-json\/wp\/v2\/pages\/2036\/revisions"}],"predecessor-version":[{"id":2579,"href":"https:\/\/www.inffe.es\/fr\/wp-json\/wp\/v2\/pages\/2036\/revisions\/2579"}],"up":[{"embeddable":true,"href":"https:\/\/www.inffe.es\/fr\/wp-json\/wp\/v2\/pages\/2074"}],"wp:attachment":[{"href":"https:\/\/www.inffe.es\/fr\/wp-json\/wp\/v2\/media?parent=2036"}],"curies":[{"name":"wp","href":"https:\/\/api.w.org\/{rel}","templated":true}]}}