{"id":2021,"date":"2018-10-01T18:03:20","date_gmt":"2018-10-01T18:03:20","guid":{"rendered":"https:\/\/www.inffe.es\/fauna-y-flora\/"},"modified":"2019-03-18T17:50:29","modified_gmt":"2019-03-18T17:50:29","slug":"faune-et-flaure","status":"publish","type":"page","link":"https:\/\/www.inffe.es\/fr\/activites\/faune-et-flaure\/","title":{"rendered":"Faune et Flaure"},"content":{"rendered":"<p>[et_pb_section bb_built=\u00a0\u00bb1&Prime; _builder_version=\u00a0\u00bb3.14&Prime; background_color=\u00a0\u00bb#53bb32&Prime; custom_padding=\u00a0\u00bb0|0px|2px|0px|false|false\u00a0\u00bb next_background_color=\u00a0\u00bb#ffffff\u00a0\u00bb][et_pb_row custom_padding=\u00a0\u00bb63px|0px|27px|0px|false|false\u00a0\u00bb _builder_version=\u00a0\u00bb3.0.48&Prime; background_size=\u00a0\u00bbinitial\u00a0\u00bb background_position=\u00a0\u00bbtop_left\u00a0\u00bb background_repeat=\u00a0\u00bbrepeat\u00a0\u00bb][et_pb_column type=\u00a0\u00bb4_4&Prime;][et_pb_text _builder_version=\u00a0\u00bb3.21&Prime; text_font=\u00a0\u00bb|||on|||||\u00a0\u00bb]<\/p>\n<h2>ACTIVIT\u00c9S: <span style=\"color: #ffffff;\">Faune et Flaure<\/span><\/h2>\n<p>[\/et_pb_text][\/et_pb_column][\/et_pb_row][\/et_pb_section][et_pb_section bb_built=\u00a0\u00bb1&Prime; _builder_version=\u00a0\u00bb3.0.47&Prime; prev_background_color=\u00a0\u00bb#53bb32&Prime; next_background_color=\u00a0\u00bb#000000&Prime;][et_pb_row _builder_version=\u00a0\u00bb3.0.48&Prime; background_size=\u00a0\u00bbinitial\u00a0\u00bb background_position=\u00a0\u00bbtop_left\u00a0\u00bb background_repeat=\u00a0\u00bbrepeat\u00a0\u00bb][et_pb_column type=\u00a0\u00bb1_2&Prime;][et_pb_gallery gallery_ids=\u00a0\u00bb1607,1609,1611,1613,1615,1617,1619,1621,1623,1625,1627,1629,1631,1633,1635,1637,1639,1641&Prime; fullwidth=\u00a0\u00bbon\u00a0\u00bb db_image_max_width_tablet=\u00a0\u00bb51&Prime; db_image_max_height_tablet=\u00a0\u00bb501&Prime; db_image_row_spacing_tablet=\u00a0\u00bb51&Prime; db_image_center_titles=\u00a0\u00bbleft\u00a0\u00bb db_image_object_fit=\u00a0\u00bbinitial\u00a0\u00bb hover_icon=\u00a0\u00bb%%51%%\u00a0\u00bb _builder_version=\u00a0\u00bb3.17.6&Prime; title_level=\u00a0\u00bbh2&Prime; auto=\u00a0\u00bbon\u00a0\u00bb auto_speed=\u00a0\u00bb2000&Prime;]<\/p>\n<p>&nbsp;<\/p>\n<p>[\/et_pb_gallery][et_pb_text admin_label=\u00a0\u00bbFauna y Flora\u00a0\u00bb _builder_version=\u00a0\u00bb3.21&Prime;]<\/p>\n<h3>\u00c9TUDES ET SUIVIS<\/h3>\n<ul>\n<li>Recensement et inventaires de faune et flaure<\/li>\n<li>Suivis d\u00b4esp\u00e8ces sur champ et avec diverses techniques de photo et radiotracking, identification acoustique et pi\u00e9gage non sanglant<\/li>\n<li>Plans de Gestion d&rsquo;esp\u00e8ces de Flore et Faune<\/li>\n<li>\u00c9tudes de diversit\u00e9 biologique. Indices biotiques<\/li>\n<li>Plans de r\u00e9cup\u00e9ration d&rsquo;esp\u00e8ces menac\u00e9es<\/li>\n<li>Plans d&rsquo;\u00e9levage en captivit\u00e9 d&rsquo;esp\u00e8ces menac\u00e9es<\/li>\n<li>Plans de contr\u00f4le de populations de pr\u00e9dateurs g\u00e9n\u00e9ralistes<\/li>\n<li>\u00c9tudes d&rsquo;esp\u00e8ces concr\u00e8tes<\/li>\n<li>Plans d&rsquo;am\u00e9nagement des ressources<\/li>\n<\/ul>\n<p>[\/et_pb_text][\/et_pb_column][et_pb_column type=\u00a0\u00bb1_2&Prime;][et_pb_gallery gallery_ids=\u00a0\u00bb1643,1645,1647,1649,1651,1653,1655,1657,1659,1661,1663,1665&Prime; fullwidth=\u00a0\u00bbon\u00a0\u00bb db_image_max_width_tablet=\u00a0\u00bb51&Prime; db_image_max_height_tablet=\u00a0\u00bb501&Prime; db_image_row_spacing_tablet=\u00a0\u00bb51&Prime; db_image_center_titles=\u00a0\u00bbleft\u00a0\u00bb db_image_object_fit=\u00a0\u00bbinitial\u00a0\u00bb hover_icon=\u00a0\u00bb%%51%%\u00a0\u00bb _builder_version=\u00a0\u00bb3.17.6&Prime; title_level=\u00a0\u00bbh2&Prime; auto=\u00a0\u00bbon\u00a0\u00bb auto_speed=\u00a0\u00bb2000&Prime;]<\/p>\n<p>&nbsp;<\/p>\n<p>[\/et_pb_gallery][et_pb_text admin_label=\u00a0\u00bbFauna y Flora\u00a0\u00bb _builder_version=\u00a0\u00bb3.21&Prime;]<\/p>\n<h3>\u00c9LABORATION D\u00b4ATLAS ET DE CATALOGUES<\/h3>\n<ul>\n<li>Catalogues de vert\u00e9br\u00e9s et invert\u00e9br\u00e9s<\/li>\n<li>Estimation d\u00b4abondance absolue et relative<\/li>\n<li>Elaboration de cartographie esp\u00e9cifique de distribution<\/li>\n<\/ul>\n<p>[\/et_pb_text][\/et_pb_column][\/et_pb_row][\/et_pb_section][et_pb_section bb_built=\u00a0\u00bb1&Prime; _builder_version=\u00a0\u00bb3.15&Prime; background_image=\u00a0\u00bbhttp:\/\/www.inffe.es\/\/wp-content\/uploads\/footer-area.jpg\u00a0\u00bb background_size=\u00a0\u00bbcontain\u00a0\u00bb background_repeat=\u00a0\u00bbrepeat-x\u00a0\u00bb prev_background_color=\u00a0\u00bb#ffffff\u00a0\u00bb][et_pb_row _builder_version=\u00a0\u00bb3.0.48&Prime; background_size=\u00a0\u00bbinitial\u00a0\u00bb background_position=\u00a0\u00bbtop_left\u00a0\u00bb background_repeat=\u00a0\u00bbrepeat\u00a0\u00bb][et_pb_column type=\u00a0\u00bb4_4&Prime;][et_pb_divider show_divider=\u00a0\u00bboff\u00a0\u00bb _builder_version=\u00a0\u00bb3.15&Prime; \/][\/et_pb_column][\/et_pb_row][\/et_pb_section]<\/p>\n","protected":false},"excerpt":{"rendered":"<p>ACTIVIT\u00c9S: Faune et Flaure &nbsp; \u00c9TUDES ET SUIVIS Recensement et inventaires de faune et flaure Suivis d\u00b4esp\u00e8ces sur champ et avec diverses techniques de photo et radiotracking, identification acoustique et pi\u00e9gage non sanglant Plans de Gestion d&rsquo;esp\u00e8ces de Flore et Faune \u00c9tudes de diversit\u00e9 biologique. Indices biotiques Plans de r\u00e9cup\u00e9ration d&rsquo;esp\u00e8ces menac\u00e9es Plans d&rsquo;\u00e9levage en [&hellip;]<\/p>\n","protected":false},"author":1,"featured_media":0,"parent":2074,"menu_order":0,"comment_status":"closed","ping_status":"closed","template":"","meta":{"_et_pb_use_builder":"on","_et_pb_old_content":"","_et_gb_content_width":"","footnotes":""},"class_list":["post-2021","page","type-page","status-publish","hentry"],"_links":{"self":[{"href":"https:\/\/www.inffe.es\/fr\/wp-json\/wp\/v2\/pages\/2021","targetHints":{"allow":["GET"]}}],"collection":[{"href":"https:\/\/www.inffe.es\/fr\/wp-json\/wp\/v2\/pages"}],"about":[{"href":"https:\/\/www.inffe.es\/fr\/wp-json\/wp\/v2\/types\/page"}],"author":[{"embeddable":true,"href":"https:\/\/www.inffe.es\/fr\/wp-json\/wp\/v2\/users\/1"}],"replies":[{"embeddable":true,"href":"https:\/\/www.inffe.es\/fr\/wp-json\/wp\/v2\/comments?post=2021"}],"version-history":[{"count":4,"href":"https:\/\/www.inffe.es\/fr\/wp-json\/wp\/v2\/pages\/2021\/revisions"}],"predecessor-version":[{"id":2211,"href":"https:\/\/www.inffe.es\/fr\/wp-json\/wp\/v2\/pages\/2021\/revisions\/2211"}],"up":[{"embeddable":true,"href":"https:\/\/www.inffe.es\/fr\/wp-json\/wp\/v2\/pages\/2074"}],"wp:attachment":[{"href":"https:\/\/www.inffe.es\/fr\/wp-json\/wp\/v2\/media?parent=2021"}],"curies":[{"name":"wp","href":"https:\/\/api.w.org\/{rel}","templated":true}]}}