{"id":1372,"date":"2018-09-25T12:06:13","date_gmt":"2018-09-25T12:06:13","guid":{"rendered":"https:\/\/www.inffe.es\/sanidad-y-proteccion-vegetal\/"},"modified":"2020-11-03T10:19:01","modified_gmt":"2020-11-03T10:19:01","slug":"sante-et-protection-vegetale","status":"publish","type":"page","link":"https:\/\/www.inffe.es\/fr\/activites\/sante-et-protection-vegetale\/","title":{"rendered":"Sant\u00e9 et protection v\u00e9g\u00e9tale"},"content":{"rendered":"<p>[et_pb_section bb_built=\u00a0\u00bb1&Prime; _builder_version=\u00a0\u00bb3.14&Prime; background_color=\u00a0\u00bb#53bb32&Prime; custom_padding=\u00a0\u00bb0|0px|2px|0px|false|false\u00a0\u00bb next_background_color=\u00a0\u00bb#ffffff\u00a0\u00bb][et_pb_row custom_padding=\u00a0\u00bb63px|0px|27px|0px|false|false\u00a0\u00bb _builder_version=\u00a0\u00bb3.0.48&Prime; background_size=\u00a0\u00bbinitial\u00a0\u00bb background_position=\u00a0\u00bbtop_left\u00a0\u00bb background_repeat=\u00a0\u00bbrepeat\u00a0\u00bb][et_pb_column type=\u00a0\u00bb4_4&Prime;][et_pb_text _builder_version=\u00a0\u00bb3.21&Prime; text_font=\u00a0\u00bb|||on|||||\u00a0\u00bb]<\/p>\n<h2>ACTIVIT\u00c9S: <span style=\"color: #ffffff;\">Sant\u00e9 et protection v\u00e9g\u00e9tale <\/span><\/h2>\n<p>[\/et_pb_text][\/et_pb_column][\/et_pb_row][\/et_pb_section][et_pb_section bb_built=\u00a0\u00bb1&Prime; _builder_version=\u00a0\u00bb3.0.47&Prime; prev_background_color=\u00a0\u00bb#53bb32&Prime; next_background_color=\u00a0\u00bb#000000&Prime;][et_pb_row _builder_version=\u00a0\u00bb3.0.48&Prime; background_size=\u00a0\u00bbinitial\u00a0\u00bb background_position=\u00a0\u00bbtop_left\u00a0\u00bb background_repeat=\u00a0\u00bbrepeat\u00a0\u00bb][et_pb_column type=\u00a0\u00bb1_2&Prime;][et_pb_gallery gallery_ids=\u00a0\u00bb1406,1430,1432,1434,1438,1436,1440,1426,1428,1424,1420,1422,1418,1414,1416,1412,1410,1408&Prime; fullwidth=\u00a0\u00bbon\u00a0\u00bb db_image_max_width_tablet=\u00a0\u00bb51&Prime; db_image_max_height_tablet=\u00a0\u00bb501&Prime; db_image_row_spacing_tablet=\u00a0\u00bb51&Prime; db_image_center_titles=\u00a0\u00bbleft\u00a0\u00bb db_image_object_fit=\u00a0\u00bbinitial\u00a0\u00bb hover_icon=\u00a0\u00bb%%51%%\u00a0\u00bb _builder_version=\u00a0\u00bb3.19.18&Prime; title_level=\u00a0\u00bbh2&Prime; auto=\u00a0\u00bbon\u00a0\u00bb auto_speed=\u00a0\u00bb2000&Prime; hover_overlay_color=\u00a0\u00bbrgba(255,255,255,0.9)\u00a0\u00bb]<\/p>\n<p>&nbsp;<\/p>\n<p>[\/et_pb_gallery][et_pb_text admin_label=\u00a0\u00bbSEGUIMIENTOS FITOSANITARIOS\u00a0\u00bb _builder_version=\u00a0\u00bb3.19.18&Prime;]<\/p>\n<h3>SUIVIS PHYTOSANITAIRES<\/h3>\n<ul>\n<li>R\u00e9alisation de suivis sp\u00e9cifiques d\u00b4organismes nuisibles, maladies, etc. dans des f\u00f4rets et (ou) des jardins<\/li>\n<li>Consultation pour le contr\u00f4le de dommages dans des f\u00f4rets et(ou) des jardins<\/li>\n<li>Travail de terrain pour la d\u00e9tection, identification et \u00e9valuation de dommages<\/li>\n<li>Prend et analyse d&rsquo;\u00e9chantillons pour l&rsquo;identification de dommages d&rsquo;origine biotique et(ou) abiotique<\/li>\n<li>\u00c9tudes physico-mecaniques au moyen d\u2019\u00e9valuations visuelles et instrumentales<\/li>\n<li>Instalation de trappes de ph\u00e9romone. Suivis et analyses des r\u00e9sultats<\/li>\n<li>\u00c9laboration de Rapports Phytosanitaires<\/li>\n<\/ul>\n<p>[\/et_pb_text][\/et_pb_column][et_pb_column type=\u00a0\u00bb1_2&Prime;][et_pb_gallery gallery_ids=\u00a0\u00bb1474,1472,1476,1478,1480,1482,1484,1486,1488,1490&Prime; fullwidth=\u00a0\u00bbon\u00a0\u00bb db_image_max_width_tablet=\u00a0\u00bb51&Prime; db_image_max_height_tablet=\u00a0\u00bb501&Prime; db_image_row_spacing_tablet=\u00a0\u00bb51&Prime; db_image_center_titles=\u00a0\u00bbleft\u00a0\u00bb db_image_object_fit=\u00a0\u00bbinitial\u00a0\u00bb _builder_version=\u00a0\u00bb3.19.18&Prime; auto=\u00a0\u00bbon\u00a0\u00bb auto_speed=\u00a0\u00bb2000&Prime; hover_overlay_color=\u00a0\u00bbrgba(255,255,255,0.9)\u00a0\u00bb]<\/p>\n<p>&nbsp;<\/p>\n<p>[\/et_pb_gallery][et_pb_text admin_label=\u00a0\u00bbGESTI\u00d3N INTEGRADA\u00a0\u00bb _builder_version=\u00a0\u00bb3.19.18&Prime;]<\/p>\n<h3>LUTTE INT\u00c9GR\u00c9E<\/h3>\n<ul>\n<li>Consultation pour l\u00b4implantation d\u00b4une Lutte Int\u00e9gr\u00e9e<\/li>\n<li>D\u00e9veloppement de travaux dans le cadre de la Lutte Int\u00e9gr\u00e9e<\/li>\n<li>Garantizar el cumplimiento del RD 1311\/2012 (uso sostenible de plaguicidas)<\/li>\n<li>Implantaci\u00f3n de sello de calidad \u201cJARDINES POR LA GESTI\u00d3N INTEGRADA\u201d<\/li>\n<\/ul>\n<p>[\/et_pb_text][\/et_pb_column][\/et_pb_row][et_pb_row _builder_version=\u00a0\u00bb3.0.48&Prime; background_size=\u00a0\u00bbinitial\u00a0\u00bb background_position=\u00a0\u00bbtop_left\u00a0\u00bb background_repeat=\u00a0\u00bbrepeat\u00a0\u00bb][et_pb_column type=\u00a0\u00bb1_2&Prime;][et_pb_gallery gallery_ids=\u00a0\u00bb1514,1528,1530,1524,1526,1522,1518,1520,1516&Prime; fullwidth=\u00a0\u00bbon\u00a0\u00bb db_image_max_width_tablet=\u00a0\u00bb51&Prime; db_image_max_height_tablet=\u00a0\u00bb501&Prime; db_image_row_spacing_tablet=\u00a0\u00bb51&Prime; db_image_center_titles=\u00a0\u00bbleft\u00a0\u00bb db_image_object_fit=\u00a0\u00bbinitial\u00a0\u00bb hover_icon=\u00a0\u00bb%%51%%\u00a0\u00bb _builder_version=\u00a0\u00bb3.19.18&Prime; title_level=\u00a0\u00bbh2&Prime; auto=\u00a0\u00bbon\u00a0\u00bb auto_speed=\u00a0\u00bb2000&Prime; hover_overlay_color=\u00a0\u00bbrgba(255,255,255,0.9)\u00a0\u00bb]<\/p>\n<p>&nbsp;<\/p>\n<p>[\/et_pb_gallery][et_pb_text admin_label=\u00a0\u00bbCONTROL BIOL\u00d3GICO DE PLAGAS\u00a0\u00bb _builder_version=\u00a0\u00bb3.19.18&Prime; header_text_align=\u00a0\u00bbright\u00a0\u00bb]<\/p>\n<h3>CONTR\u00d4LE BIOLOGIQUE<\/h3>\n<ul>\n<li>Identificati\u00f3n d\u00b4esp\u00e8ces de Faune Utile<\/li>\n<li>R\u00e9alisation d\u00b4\u00e8tudes pour analyser la viabilit\u00e9 de la Lutte Biologique contre ravageurs<\/li>\n<li>Consultation sur l\u00b4emploi du Contr\u00f4le Biologique par Conservation<\/li>\n<li>Lib\u00e9ration d\u00b4Ennemis Naturels (Contr\u00f4le Biologique par Inoculation et\/ou Inondation)<\/li>\n<li>\u00c9tudes d\u00b4efficience de la Lutte Biologique \u00e0 travers de suivis sp\u00e9cifiques<\/li>\n<\/ul>\n<p>[\/et_pb_text][\/et_pb_column][et_pb_column type=\u00a0\u00bb1_2&Prime;][et_pb_gallery gallery_ids=\u00a0\u00bb1532,1552,1554,1550,1548,1546,1544,1540,1542,1538,1536,1534&Prime; fullwidth=\u00a0\u00bbon\u00a0\u00bb db_image_max_width_tablet=\u00a0\u00bb51&Prime; db_image_max_height_tablet=\u00a0\u00bb501&Prime; db_image_row_spacing_tablet=\u00a0\u00bb51&Prime; db_image_center_titles=\u00a0\u00bbleft\u00a0\u00bb db_image_object_fit=\u00a0\u00bbinitial\u00a0\u00bb hover_icon=\u00a0\u00bb%%51%%\u00a0\u00bb _builder_version=\u00a0\u00bb3.19.18&Prime; title_level=\u00a0\u00bbh2&Prime; auto=\u00a0\u00bbon\u00a0\u00bb auto_speed=\u00a0\u00bb2000&Prime; hover_overlay_color=\u00a0\u00bbrgba(255,255,255,0.9)\u00a0\u00bb]<\/p>\n<p>&nbsp;<\/p>\n<p>[\/et_pb_gallery][et_pb_text admin_label=\u00a0\u00bbTRATAMIENTOS FITOSANITARIOS\u00a0\u00bb _builder_version=\u00a0\u00bb3.21&Prime;]<\/p>\n<h3>TRAITEMENTS PHYTOSANITAIRES<\/h3>\n<ul>\n<li>Traitements avec des produits biologiques (d&rsquo;origine naturelle), autoris\u00e9s en agriculture biologique<\/li>\n<li>Traitement des maladies avec des peptides antimicrobiens<\/li>\n<li>Lib\u00e9ration d&rsquo;ennemis naturels pour la lutte biologique contre les nuisibles<\/li>\n<li>Analyse de l&rsquo;efficacit\u00e9 du traitement<\/li>\n<li>Conseils sur l&rsquo;utilisation des diff\u00e9rents produits existants pour la protection des v\u00e9g\u00e9taux<\/li>\n<li>PARTICULIERS: taupes, gu\u00eapes, processionnaire, cameraria, pucerons, fourmis, pigeons, \u00e9tourneaux, etc.<\/li>\n<\/ul>\n<p>[\/et_pb_text][\/et_pb_column][\/et_pb_row][\/et_pb_section][et_pb_section bb_built=\u00a0\u00bb1&Prime; _builder_version=\u00a0\u00bb3.15&Prime; background_image=\u00a0\u00bbhttp:\/\/www.inffe.es\/\/wp-content\/uploads\/footer-area.jpg\u00a0\u00bb background_size=\u00a0\u00bbcontain\u00a0\u00bb background_repeat=\u00a0\u00bbrepeat-x\u00a0\u00bb prev_background_color=\u00a0\u00bb#ffffff\u00a0\u00bb][et_pb_row _builder_version=\u00a0\u00bb3.0.48&Prime; background_size=\u00a0\u00bbinitial\u00a0\u00bb background_position=\u00a0\u00bbtop_left\u00a0\u00bb background_repeat=\u00a0\u00bbrepeat\u00a0\u00bb][et_pb_column type=\u00a0\u00bb4_4&Prime;][et_pb_divider show_divider=\u00a0\u00bboff\u00a0\u00bb _builder_version=\u00a0\u00bb3.15&Prime; \/][\/et_pb_column][\/et_pb_row][\/et_pb_section]<\/p>\n","protected":false},"excerpt":{"rendered":"<p>ACTIVIT\u00c9S: Sant\u00e9 et protection v\u00e9g\u00e9tale &nbsp; SUIVIS PHYTOSANITAIRES R\u00e9alisation de suivis sp\u00e9cifiques d\u00b4organismes nuisibles, maladies, etc. dans des f\u00f4rets et (ou) des jardins Consultation pour le contr\u00f4le de dommages dans des f\u00f4rets et(ou) des jardins Travail de terrain pour la d\u00e9tection, identification et \u00e9valuation de dommages Prend et analyse d&rsquo;\u00e9chantillons pour l&rsquo;identification de dommages d&rsquo;origine [&hellip;]<\/p>\n","protected":false},"author":1,"featured_media":0,"parent":2074,"menu_order":0,"comment_status":"closed","ping_status":"closed","template":"","meta":{"_et_pb_use_builder":"on","_et_pb_old_content":"","_et_gb_content_width":"","footnotes":""},"class_list":["post-1372","page","type-page","status-publish","hentry"],"_links":{"self":[{"href":"https:\/\/www.inffe.es\/fr\/wp-json\/wp\/v2\/pages\/1372","targetHints":{"allow":["GET"]}}],"collection":[{"href":"https:\/\/www.inffe.es\/fr\/wp-json\/wp\/v2\/pages"}],"about":[{"href":"https:\/\/www.inffe.es\/fr\/wp-json\/wp\/v2\/types\/page"}],"author":[{"embeddable":true,"href":"https:\/\/www.inffe.es\/fr\/wp-json\/wp\/v2\/users\/1"}],"replies":[{"embeddable":true,"href":"https:\/\/www.inffe.es\/fr\/wp-json\/wp\/v2\/comments?post=1372"}],"version-history":[{"count":9,"href":"https:\/\/www.inffe.es\/fr\/wp-json\/wp\/v2\/pages\/1372\/revisions"}],"predecessor-version":[{"id":2577,"href":"https:\/\/www.inffe.es\/fr\/wp-json\/wp\/v2\/pages\/1372\/revisions\/2577"}],"up":[{"embeddable":true,"href":"https:\/\/www.inffe.es\/fr\/wp-json\/wp\/v2\/pages\/2074"}],"wp:attachment":[{"href":"https:\/\/www.inffe.es\/fr\/wp-json\/wp\/v2\/media?parent=1372"}],"curies":[{"name":"wp","href":"https:\/\/api.w.org\/{rel}","templated":true}]}}