{"id":1360,"date":"2018-10-10T11:36:45","date_gmt":"2018-10-10T11:36:45","guid":{"rendered":"https:\/\/www.inffe.es\/contacto\/"},"modified":"2019-03-13T16:39:15","modified_gmt":"2019-03-13T16:39:15","slug":"contacto","status":"publish","type":"page","link":"https:\/\/www.inffe.es\/fr\/contacto\/","title":{"rendered":"Contact"},"content":{"rendered":"<p>[et_pb_section bb_built=\u00a0\u00bb1&Prime; _builder_version=\u00a0\u00bb3.16.1&Prime; custom_margin=\u00a0\u00bb0px|||\u00a0\u00bb custom_padding=\u00a0\u00bb0px||0||false|false\u00a0\u00bb next_background_color=\u00a0\u00bbrgba(99,18,0,0.07)\u00a0\u00bb][et_pb_row use_custom_width=\u00a0\u00bbon\u00a0\u00bb width_unit=\u00a0\u00bboff\u00a0\u00bb custom_width_percent=\u00a0\u00bb100%\u00a0\u00bb custom_padding=\u00a0\u00bb0px|0px|0px|0px|false|false\u00a0\u00bb custom_margin=\u00a0\u00bb0px|0px|0px|0px\u00a0\u00bb _builder_version=\u00a0\u00bb3.17.6&Prime; padding_top_1=\u00a0\u00bb0px\u00a0\u00bb padding_bottom_1=\u00a0\u00bb0px\u00a0\u00bb][et_pb_column type=\u00a0\u00bb4_4&Prime;][et_pb_code]<iframe loading=\"lazy\" src=\"https:\/\/www.google.com\/maps\/embed?pb=!1m14!1m8!1m3!1d6063.119922170202!2d-3.8898250000000005!3d40.55131!3m2!1i1024!2i768!4f13.1!3m3!1m2!1s0xd4182bf21830971%3A0xe85cbe77071e2a55!2sCalle+Enrique+Granados%2C+21%2C+28290+Las+Rozas%2C+Madrid!5e0!3m2!1ses!2ses!4v1539171468665\" width=\"100%\" height=\"450\" frameborder=\"0\" style=\"border:0\" allowfullscreen><\/iframe>[\/et_pb_code][\/et_pb_column][\/et_pb_row][\/et_pb_section][et_pb_section bb_built=\u00a0\u00bb1&Prime; _builder_version=\u00a0\u00bb3.17.6&Prime; background_color=\u00a0\u00bbrgba(99,18,0,0.07)\u00a0\u00bb custom_padding=\u00a0\u00bb30px|0px|0|0px|false|false\u00a0\u00bb prev_background_color=\u00a0\u00bb#ffffff\u00a0\u00bb next_background_color=\u00a0\u00bb#ffffff\u00a0\u00bb][et_pb_row use_custom_width=\u00a0\u00bbon\u00a0\u00bb width_unit=\u00a0\u00bboff\u00a0\u00bb use_custom_gutter=\u00a0\u00bbon\u00a0\u00bb gutter_width=\u00a0\u00bb2&Prime; _builder_version=\u00a0\u00bb3.17.6&Prime; custom_padding=\u00a0\u00bb0|0px|27px|0px|false|false\u00a0\u00bb][et_pb_column type=\u00a0\u00bb1_6&Prime;][et_pb_image src=\u00a0\u00bbhttps:\/\/www.inffe.es\/wp-content\/uploads\/logo-INFFE-B-N.jpg\u00a0\u00bb _builder_version=\u00a0\u00bb3.19.18&Prime;]<\/p>\n<p><\/p>\n<p>[\/et_pb_image][\/et_pb_column][et_pb_column type=\u00a0\u00bb1_6&Prime;][et_pb_team_member name=\u00a0\u00bbLuis Hiernaux Candelas\u00a0\u00bb position=\u00a0\u00bbDirecteur\u00a0\u00bb db_email_addr=\u00a0\u00bbluishc@inffe.es\u00a0\u00bb _builder_version=\u00a0\u00bb3.19.18&Prime;]<\/p>\n<p>Ing\u00e9nieur Forestier<\/p>\n<p>[\/et_pb_team_member][\/et_pb_column][et_pb_column type=\u00a0\u00bb1_6&Prime;][et_pb_team_member name=\u00a0\u00bbPablo Pereira Sieso\u00a0\u00bb position=\u00a0\u00bbDirecteur Scientifique\u00a0\u00bb db_email_addr=\u00a0\u00bbpablops@inffe.es\u00a0\u00bb _builder_version=\u00a0\u00bb3.19.18&Prime;]<\/p>\n<p>Biologiste<\/p>\n<p>[\/et_pb_team_member][\/et_pb_column][et_pb_column type=\u00a0\u00bb1_6&Prime;][et_pb_team_member name=\u00a0\u00bbAlberto Hurtado Hern\u00e1ndez \u00a0\u00bb position=\u00a0\u00bbChef d\u00b4\u00e9quipe technique\u00a0\u00bb db_email_addr=\u00a0\u00bbalbertohh@inffe.es\u00a0\u00bb _builder_version=\u00a0\u00bb3.19.18&Prime;]<\/p>\n<p>Ing\u00e9nieur Forestier<\/p>\n<p>[\/et_pb_team_member][\/et_pb_column][et_pb_column type=\u00a0\u00bb1_6&Prime;][et_pb_team_member name=\u00a0\u00bbOctavi Serra Calahorra\u00a0\u00bb position=\u00a0\u00bbT\u00e9chnique\u00a0\u00bb db_email_addr=\u00a0\u00bboctavisc@inffe.es\u00a0\u00bb _builder_version=\u00a0\u00bb3.19.18&Prime;]<\/p>\n<p>Ing\u00e9nieur agronome<\/p>\n<p>[\/et_pb_team_member][\/et_pb_column][et_pb_column type=\u00a0\u00bb1_6&Prime;][et_pb_team_member name=\u00a0\u00bbAlberto Mira Orche\u00a0\u00bb position=\u00a0\u00bbArboriculture et ascensions\u00a0\u00bb db_email_addr=\u00a0\u00bbalbertomo@inffe.es\u00a0\u00bb _builder_version=\u00a0\u00bb3.19.18&Prime;]<\/p>\n<p>European Tree Technician<\/p>\n<p>[\/et_pb_team_member][\/et_pb_column][\/et_pb_row][\/et_pb_section][et_pb_section bb_built=\u00a0\u00bb1&Prime; _builder_version=\u00a0\u00bb3.0.47&Prime; prev_background_color=\u00a0\u00bbrgba(99,18,0,0.07)\u00a0\u00bb][et_pb_row _builder_version=\u00a0\u00bb3.0.48&Prime; background_size=\u00a0\u00bbinitial\u00a0\u00bb background_position=\u00a0\u00bbtop_left\u00a0\u00bb background_repeat=\u00a0\u00bbrepeat\u00a0\u00bb][et_pb_column type=\u00a0\u00bb1_2&Prime;][et_pb_contact_form email=\u00a0\u00bbinfo@inffe.es\u00a0\u00bb _builder_version=\u00a0\u00bb3.17.1&Prime; custom_button=\u00a0\u00bbon\u00a0\u00bb button_text_color=\u00a0\u00bb#53bb32&Prime; button_border_width=\u00a0\u00bb1&Prime; button_border_color=\u00a0\u00bb#53bb32&Prime; button_border_radius=\u00a0\u00bb1&Prime; button_icon=\u00a0\u00bb%%5%%\u00a0\u00bb button_icon_color=\u00a0\u00bb#53bb32&Prime; module_id=\u00a0\u00bbet_pb_contact_form_0&Prime;][et_pb_contact_field field_id=\u00a0\u00bbName\u00a0\u00bb field_title=\u00a0\u00bbNombre\u00a0\u00bb _builder_version=\u00a0\u00bb3.16.1&Prime;][\/et_pb_contact_field][et_pb_contact_field field_id=\u00a0\u00bbEmail\u00a0\u00bb field_title=\u00a0\u00bbDirecci\u00f3n de correo electr\u00f3nico\u00a0\u00bb field_type=\u00a0\u00bbemail\u00a0\u00bb _builder_version=\u00a0\u00bb3.16.1&Prime;][\/et_pb_contact_field][et_pb_contact_field field_id=\u00a0\u00bbMessage\u00a0\u00bb field_title=\u00a0\u00bbMensaje\u00a0\u00bb field_type=\u00a0\u00bbtext\u00a0\u00bb fullwidth_field=\u00a0\u00bbon\u00a0\u00bb _builder_version=\u00a0\u00bb3.16.1&Prime;][\/et_pb_contact_field][et_pb_contact_field field_id=\u00a0\u00bbLegal\u00a0\u00bb field_title=\u00a0\u00bbTexto Legal\u00a0\u00bb field_type=\u00a0\u00bbcheckbox\u00a0\u00bb checkbox_options=\u00a0\u00bb%91{%22value%22:%22He leido y acepto el texto legal%22,%22checked%22:0}%93&Prime; _builder_version=\u00a0\u00bb3.16.1&Prime;][\/et_pb_contact_field][\/et_pb_contact_form][\/et_pb_column][et_pb_column type=\u00a0\u00bb1_2&Prime;][et_pb_text _builder_version=\u00a0\u00bb3.17.6&Prime;]<\/p>\n<p>INFFE. SL Ingenieria para el Medio Ambiente<\/p>\n<p><span lang=\"es\" xml:lang=\"es\">C\/ Enrique Granados, 21<br \/>28290 Las Rozas (MADRID)<br \/>Tlfno\/fax: 91 779 34 82<br \/><\/span><a href=\"mailto:info@inffe.es\" target=\"_blank\" rel=\"noopener noreferrer\"><span lang=\"es\" xml:lang=\"es\">info@inffe.es<\/span><\/a> <u><\/u><u><\/u><\/p>\n<p>&nbsp;<\/p>\n<p>[\/et_pb_text][\/et_pb_column][\/et_pb_row][\/et_pb_section]<\/p>\n","protected":false},"excerpt":{"rendered":"<p>Ing\u00e9nieur Forestier Biologiste Ing\u00e9nieur Forestier Ing\u00e9nieur agronome European Tree Technician INFFE. SL Ingenieria para el Medio Ambiente C\/ Enrique Granados, 2128290 Las Rozas (MADRID)Tlfno\/fax: 91 779 34 82info@inffe.es &nbsp;<\/p>\n","protected":false},"author":1,"featured_media":0,"parent":0,"menu_order":0,"comment_status":"closed","ping_status":"closed","template":"","meta":{"_et_pb_use_builder":"on","_et_pb_old_content":"","_et_gb_content_width":"","footnotes":""},"class_list":["post-1360","page","type-page","status-publish","hentry"],"_links":{"self":[{"href":"https:\/\/www.inffe.es\/fr\/wp-json\/wp\/v2\/pages\/1360","targetHints":{"allow":["GET"]}}],"collection":[{"href":"https:\/\/www.inffe.es\/fr\/wp-json\/wp\/v2\/pages"}],"about":[{"href":"https:\/\/www.inffe.es\/fr\/wp-json\/wp\/v2\/types\/page"}],"author":[{"embeddable":true,"href":"https:\/\/www.inffe.es\/fr\/wp-json\/wp\/v2\/users\/1"}],"replies":[{"embeddable":true,"href":"https:\/\/www.inffe.es\/fr\/wp-json\/wp\/v2\/comments?post=1360"}],"version-history":[{"count":5,"href":"https:\/\/www.inffe.es\/fr\/wp-json\/wp\/v2\/pages\/1360\/revisions"}],"predecessor-version":[{"id":2150,"href":"https:\/\/www.inffe.es\/fr\/wp-json\/wp\/v2\/pages\/1360\/revisions\/2150"}],"wp:attachment":[{"href":"https:\/\/www.inffe.es\/fr\/wp-json\/wp\/v2\/media?parent=1360"}],"curies":[{"name":"wp","href":"https:\/\/api.w.org\/{rel}","templated":true}]}}