{"id":1352,"date":"2018-10-19T12:24:29","date_gmt":"2018-10-19T12:24:29","guid":{"rendered":"https:\/\/www.inffe.es\/links-de-interes\/"},"modified":"2020-01-09T11:32:41","modified_gmt":"2020-01-09T11:32:41","slug":"links-de-interes","status":"publish","type":"page","link":"https:\/\/www.inffe.es\/fr\/links-de-interes\/","title":{"rendered":"LIENS D\u00b4INT\u00c9R\u00caT"},"content":{"rendered":"<p>[et_pb_section bb_built=\u00a0\u00bb1&Prime;][et_pb_row _builder_version=\u00a0\u00bb3.17.1&Prime; make_fullwidth=\u00a0\u00bbon\u00a0\u00bb use_custom_width=\u00a0\u00bbon\u00a0\u00bb width_unit=\u00a0\u00bboff\u00a0\u00bb][et_pb_column type=\u00a0\u00bb1_4&Prime;][et_pb_text _builder_version=\u00a0\u00bb3.19.18&Prime;]<\/p>\n<h2>Les administrations<\/h2>\n<ul>\n<li><a href=\"http:\/\/www.marm.es\/\" target=\"_blank\" rel=\"noopener noreferrer\">Ministerio de Medio Ambiente y Medio Rural y Marino<\/a><\/li>\n<li><a href=\"http:\/\/www.madrid.org\/\" target=\"_blank\" rel=\"noopener noreferrer\">Comunidad de Madrid<\/a><\/li>\n<li><a href=\"http:\/\/www.cfnavarra.es\/\" target=\"_blank\" rel=\"noopener noreferrer\">Comunidad Foral de Navarra<\/a><\/li>\n<li><a href=\"http:\/\/www.gencat.net\/index_cas.htm\" target=\"_blank\" rel=\"noopener noreferrer\">Generalitat de Catalunya<\/a><\/li>\n<li><a href=\"http:\/\/www.gva.es\/\" target=\"_blank\" rel=\"noopener noreferrer\">Generalitat Valenciana<\/a><\/li>\n<li><a href=\"http:\/\/www.caib.es\" target=\"_blank\" rel=\"noopener noreferrer\">Gobierno Balear<\/a><\/li>\n<li><a href=\"http:\/\/www.aragob.es\/\" target=\"_blank\" rel=\"noopener noreferrer\">Gobierno de Arag\u00f3n<\/a><\/li>\n<li><a href=\"http:\/\/www.gobcan.es\/\" target=\"_blank\" rel=\"noopener noreferrer\">Gobierno de Canarias<\/a><\/li>\n<li><a href=\"http:\/\/www.gobcantabria.es\/\" target=\"_blank\" rel=\"noopener noreferrer\">Gobierno de Cantabria<\/a><\/li>\n<li><a href=\"http:\/\/www.larioja.org\/\" target=\"_blank\" rel=\"noopener noreferrer\">Gobierno de La Rioja<\/a><\/li>\n<li><a href=\"http:\/\/www.euskadi.net\/\" target=\"_blank\" rel=\"noopener noreferrer\">Gobierno Vasco<\/a><\/li>\n<li><a href=\"http:\/\/www.juntadeandalucia.es\/\" target=\"_blank\" rel=\"noopener noreferrer\">Junta de Andaluc\u00eda<\/a><\/li>\n<li><a href=\"http:\/\/www.jcyl.es\/\" target=\"_blank\" rel=\"noopener noreferrer\">Junta de Castilla y Le\u00f3n<\/a><\/li>\n<li><a href=\"http:\/\/www.jccm.es\/\" target=\"_blank\" rel=\"noopener noreferrer\">Junta de Comunidades de Castilla-La Mancha<\/a><\/li>\n<li><a href=\"http:\/\/www.juntaex.es\/\" target=\"_blank\" rel=\"noopener noreferrer\">Junta de Extremadura<\/a><\/li>\n<li><a href=\"http:\/\/www.princast.es\/\" target=\"_blank\" rel=\"noopener noreferrer\">Principado de Asturias<\/a><\/li>\n<li><a href=\"http:\/\/www.carm.es\/\" target=\"_blank\" rel=\"noopener noreferrer\">Regi\u00f3n de Murcia<\/a><\/li>\n<li><a href=\"http:\/\/www.xunta.es\/portada\" target=\"_blank\" rel=\"noopener noreferrer\">Xunta de Galicia<\/a><\/li>\n<\/ul>\n<p>[\/et_pb_text][\/et_pb_column][et_pb_column type=\u00a0\u00bb1_4&Prime;][et_pb_text _builder_version=\u00a0\u00bb3.19.18&Prime;]<\/p>\n<h2>Bulletins officiels<\/h2>\n<ul>\n<li><a href=\"http:\/\/europa.eu\/bulletin\/es\/welcome.htm\" target=\"_blank\" rel=\"noopener noreferrer\">Bolet\u00edn Oficial de la Comunidad Europea<\/a><\/li>\n<li><a href=\"http:\/\/publications.europa.eu\/official\/index_es.htm\" target=\"_blank\" rel=\"noopener noreferrer\">Diario Oficial de la Comunidad Europea<\/a><\/li>\n<li><a href=\"http:\/\/www.boe.es\/\" target=\"_blank\" rel=\"noopener noreferrer\">Bolet\u00edn Oficial del Estado (BOE)<\/a><\/li>\n<li><a href=\"http:\/\/www.senado.es\/public\/bocg.html\" target=\"_blank\" rel=\"noopener noreferrer\">Bolet\u00edn Oficial de las Cortes Generales<\/a><\/li>\n<li><a href=\"http:\/\/www.todalaley.com\/BOA-sumario-boletin-oficial-de-aragon-sumBOA.htm\" target=\"_blank\" rel=\"noopener noreferrer\">Bolet\u00edn Oficial de Arag\u00f3n<\/a><\/li>\n<li><a href=\"http:\/\/www.gobcan.es\/boc\" target=\"_blank\" rel=\"noopener noreferrer\">Bolet\u00edn Oficial de Canarias<\/a><\/li>\n<li><a href=\"http:\/\/bocyl.jcyl.es\/\" target=\"_blank\" rel=\"noopener noreferrer\">Bolet\u00edn Oficial de Castilla y Le\u00f3n<\/a><\/li>\n<li><a href=\"http:\/\/boc.gobcantabria.es\/boc\/\" target=\"_blank\" rel=\"noopener noreferrer\">Bolet\u00edn Oficial de la Asamblea de Cantabria<\/a><\/li>\n<li><a href=\"http:\/\/www.madrid.org\/cs\/Satellite?language=es&amp;pagename=Boletin\/Page\/BOCM_home\" target=\"_blank\" rel=\"noopener noreferrer\">Bolet\u00edn Oficial de la Comunidad de Madrid<\/a><\/li>\n<li><a href=\"http:\/\/www.andaluciajunta.es\/BOJA\" target=\"_blank\" rel=\"noopener noreferrer\">Bolet\u00edn Oficial de la Junta de Andaluc\u00eda<\/a><\/li>\n<li><a href=\"http:\/\/www.carm.es\/borm\/\" target=\"_blank\" rel=\"noopener noreferrer\">Bolet\u00edn Oficial de la Regi\u00f3n de Murcia<\/a><\/li>\n<li><a href=\"http:\/\/boib.caib.es\/\" target=\"_blank\" rel=\"noopener noreferrer\">Bolet\u00edn Oficial de las Islas Baleares<\/a><\/li>\n<li><a href=\"http:\/\/www.cfnavarra.es\/bon\/969\/96923idx.htm\" target=\"_blank\" rel=\"noopener noreferrer\">Bolet\u00edn Oficial de Navarra<\/a><\/li>\n<li><a href=\"http:\/\/www.euskadi.net\/bopv\/indice_c.htm\" target=\"_blank\" rel=\"noopener noreferrer\">Bolet\u00edn Oficial del Pa\u00eds Vasco<\/a><\/li>\n<li><a href=\"http:\/\/docm.jccm.es\/pls\/dial\/docm_inicio\" target=\"_blank\" rel=\"noopener noreferrer\">Diario Oficial de Castilla\/La Mancha<\/a><\/li>\n<li><a href=\"http:\/\/doe.juntaex.es\/\" target=\"_blank\" rel=\"noopener noreferrer\">Diario Oficial de Extremadura<\/a><\/li>\n<li><a href=\"http:\/\/www.xunta.es\/doga\/index.htm\" target=\"_blank\" rel=\"noopener noreferrer\">Diario Oficial de Galicia<\/a><\/li>\n<\/ul>\n<p>[\/et_pb_text][\/et_pb_column][et_pb_column type=\u00a0\u00bb1_4&Prime;][et_pb_text _builder_version=\u00a0\u00bb3.19.18&Prime;]<\/p>\n<h2>Associations foresti\u00e8res et associations<\/h2>\n<ul>\n<li><a href=\"http:\/\/www.ingenierosdemontes.org\/\" target=\"_blank\" rel=\"noopener noreferrer\">Colegio de Ingenieros de Montes<\/a><\/li>\n<li><a href=\"http:\/\/www.forestales.net\/\" target=\"_blank\" rel=\"noopener noreferrer\">Colegio de Ingenieros T\u00e9cnicos Forestales<\/a><\/li>\n<li><a href=\"http:\/\/www.agronomoscentro.org\/\">Colegio de Ingenieros Agr\u00f3nomos<\/a><\/li>\n<li><a href=\"http:\/\/www.agricolas.org\/\">Colegio de Ingenieros T\u00e9cnicos Agr\u00edcolas<\/a><\/li>\n<\/ul>\n<p>[\/et_pb_text][\/et_pb_column][et_pb_column type=\u00a0\u00bb1_4&Prime;][et_pb_text _builder_version=\u00a0\u00bb3.19.18&Prime;]<\/p>\n<h2>d&rsquo;autres<\/h2>\n<ul>\n<li><a href=\"http:\/\/www.seea.es\/\">SEEA Sociedad Espa\u00f1ola de Entomolog\u00eda Aplicada<\/a><\/li>\n<li><a href=\"http:\/\/www.sea-entomologia.org\/\">SEA Sociedad de Entomolog\u00eda Aragonesa<\/a><\/li>\n<li><a href=\"http:\/\/www.iobc-wprs.org\/\">IOBC International Organisation for Biological Control<\/a><\/li>\n<li><a href=\"http:\/\/www.eppo.org\/\">EPPO European Plant Protection Organisation<\/a><\/li>\n<li><a href=\"http:\/\/www.marm.es\/es\/agricultura\/temas\/medios-de-produccion\/productos-fitosanitarios\/fitos.asp\">Registro de Productos fitosanitarios del MAPA<\/a><\/li>\n<li><a href=\"http:\/\/www.faunaeur.org\/\">Base de datos Fauna Europea<\/a><\/li>\n<li><a href=\"http:\/\/www.iies.es\/\" target=\"_blank\" rel=\"noopener noreferrer\">Instituto de Ingenier\u00eda de Espa\u00f1a<\/a><\/li>\n<li><a href=\"http:\/\/www.efi.int\/\" target=\"_blank\" rel=\"noopener noreferrer\">EUROPEAN FOREST INSTITUTE<\/a><\/li>\n<li><a href=\"http:\/\/www.profor.org\/\" target=\"_blank\" rel=\"noopener noreferrer\">PROFOR (Asociaci\u00f3n de Forestales de Espa\u00f1a)<\/a><\/li>\n<li><a href=\"http:\/\/www.secforestales.org\/web\" target=\"_blank\" rel=\"noopener noreferrer\">SECF (Sociedad Espa\u00f1ola de Ciencias Forestales)<\/a><\/li>\n<li><a href=\"http:\/\/www.asemfo.org\/\" target=\"_blank\" rel=\"noopener noreferrer\">ASEMFO (Asociaci\u00f3n Nacional de Empresas Forestales)<\/a><\/li>\n<li><a href=\"http:\/\/www.aearboricultura.org\" target=\"_blank\" rel=\"noopener noreferrer\">AEA (Asociaci\u00f3n Espa\u00f1ola de Arboricultura)<\/a><\/li>\n<\/ul>\n<p>[\/et_pb_text][\/et_pb_column][\/et_pb_row][\/et_pb_section]<\/p>\n","protected":false},"excerpt":{"rendered":"<p>Les administrations Ministerio de Medio Ambiente y Medio Rural y Marino Comunidad de Madrid Comunidad Foral de Navarra Generalitat de Catalunya Generalitat Valenciana Gobierno Balear Gobierno de Arag\u00f3n Gobierno de Canarias Gobierno de Cantabria Gobierno de La Rioja Gobierno Vasco Junta de Andaluc\u00eda Junta de Castilla y Le\u00f3n Junta de Comunidades de Castilla-La Mancha Junta [&hellip;]<\/p>\n","protected":false},"author":1,"featured_media":0,"parent":0,"menu_order":90,"comment_status":"closed","ping_status":"closed","template":"","meta":{"_et_pb_use_builder":"on","_et_pb_old_content":"","_et_gb_content_width":"","footnotes":""},"class_list":["post-1352","page","type-page","status-publish","hentry"],"_links":{"self":[{"href":"https:\/\/www.inffe.es\/fr\/wp-json\/wp\/v2\/pages\/1352","targetHints":{"allow":["GET"]}}],"collection":[{"href":"https:\/\/www.inffe.es\/fr\/wp-json\/wp\/v2\/pages"}],"about":[{"href":"https:\/\/www.inffe.es\/fr\/wp-json\/wp\/v2\/types\/page"}],"author":[{"embeddable":true,"href":"https:\/\/www.inffe.es\/fr\/wp-json\/wp\/v2\/users\/1"}],"replies":[{"embeddable":true,"href":"https:\/\/www.inffe.es\/fr\/wp-json\/wp\/v2\/comments?post=1352"}],"version-history":[{"count":4,"href":"https:\/\/www.inffe.es\/fr\/wp-json\/wp\/v2\/pages\/1352\/revisions"}],"predecessor-version":[{"id":2384,"href":"https:\/\/www.inffe.es\/fr\/wp-json\/wp\/v2\/pages\/1352\/revisions\/2384"}],"wp:attachment":[{"href":"https:\/\/www.inffe.es\/fr\/wp-json\/wp\/v2\/media?parent=1352"}],"curies":[{"name":"wp","href":"https:\/\/api.w.org\/{rel}","templated":true}]}}