{"id":1351,"date":"2018-10-19T12:24:29","date_gmt":"2018-10-19T12:24:29","guid":{"rendered":"https:\/\/www.inffe.es\/links-de-interes\/"},"modified":"2020-01-09T11:20:49","modified_gmt":"2020-01-09T11:20:49","slug":"links-de-interes","status":"publish","type":"page","link":"https:\/\/www.inffe.es\/en\/links-de-interes\/","title":{"rendered":"Links of interest"},"content":{"rendered":"<p>[et_pb_section bb_built=&#8221;1&#8243;][et_pb_row _builder_version=&#8221;3.21&#8243; make_fullwidth=&#8221;on&#8221; use_custom_width=&#8221;on&#8221; width_unit=&#8221;off&#8221;][et_pb_column type=&#8221;1_4&#8243;][et_pb_text _builder_version=&#8221;3.21&#8243;]<\/p>\n<h2>Administrations<\/h2>\n<ul>\n<li><a href=\"http:\/\/www.marm.es\/\" target=\"_blank\" rel=\"noopener noreferrer\">Ministerio de Medio Ambiente y Medio Rural y Marino<\/a><\/li>\n<li><a href=\"http:\/\/www.madrid.org\/\" target=\"_blank\" rel=\"noopener noreferrer\">Comunidad de Madrid<\/a><\/li>\n<li><a href=\"http:\/\/www.cfnavarra.es\/\" target=\"_blank\" rel=\"noopener noreferrer\">Comunidad Foral de Navarra<\/a><\/li>\n<li><a href=\"http:\/\/www.gencat.net\/index_cas.htm\" target=\"_blank\" rel=\"noopener noreferrer\">Generalitat de Catalunya<\/a><\/li>\n<li><a href=\"http:\/\/www.gva.es\/\" target=\"_blank\" rel=\"noopener noreferrer\">Generalitat Valenciana<\/a><\/li>\n<li><a href=\"http:\/\/www.caib.es\" target=\"_blank\" rel=\"noopener noreferrer\">Gobierno Balear<\/a><\/li>\n<li><a href=\"https:\/\/www.aragon.es\/\" target=\"_blank\" rel=\"noopener noreferrer\">Gobierno de Arag\u00f3n<\/a><\/li>\n<li><a href=\"http:\/\/www.gobcan.es\/\" target=\"_blank\" rel=\"noopener noreferrer\">Gobierno de Canarias<\/a><\/li>\n<li><a href=\"http:\/\/www.cantabria.es\/\" target=\"_blank\" rel=\"noopener noreferrer\">Gobierno de Cantabria<\/a><\/li>\n<li><a href=\"http:\/\/www.larioja.org\/\" target=\"_blank\" rel=\"noopener noreferrer\">Gobierno de La Rioja<\/a><\/li>\n<li><a href=\"http:\/\/www.euskadi.net\/\" target=\"_blank\" rel=\"noopener noreferrer\">Gobierno Vasco<\/a><\/li>\n<li><a href=\"http:\/\/www.juntadeandalucia.es\/\" target=\"_blank\" rel=\"noopener noreferrer\">Junta de Andaluc\u00eda<\/a><\/li>\n<li><a href=\"http:\/\/www.jcyl.es\/\" target=\"_blank\" rel=\"noopener noreferrer\">Junta de Castilla y Le\u00f3n<\/a><\/li>\n<li><a href=\"http:\/\/www.jccm.es\/\" target=\"_blank\" rel=\"noopener noreferrer\">Junta de Comunidades de Castilla-La Mancha<\/a><\/li>\n<li><a href=\"http:\/\/www.juntaex.es\/\" target=\"_blank\" rel=\"noopener noreferrer\">Junta de Extremadura<\/a><\/li>\n<li><a href=\"http:\/\/movil.asturias.es\/\" target=\"_blank\" rel=\"noopener noreferrer\">Principado de Asturias<\/a><\/li>\n<li><a href=\"http:\/\/www.carm.es\/\" target=\"_blank\" rel=\"noopener noreferrer\">Regi\u00f3n de Murcia<\/a><\/li>\n<li><a href=\"http:\/\/www.xunta.es\/portada\" target=\"_blank\" rel=\"noopener noreferrer\">Xunta de Galicia<\/a><\/li>\n<\/ul>\n<p>[\/et_pb_text][\/et_pb_column][et_pb_column type=&#8221;1_4&#8243;][et_pb_text _builder_version=&#8221;3.21&#8243;]<\/p>\n<h2>Official Journals<\/h2>\n<ul>\n<li><a href=\"https:\/\/eur-lex.europa.eu\/oj\/direct-access.html?locale=en\" target=\"_blank\" rel=\"noopener noreferrer\">Official Journal of the European Union<\/a><\/li>\n<li><a href=\"http:\/\/www.boe.es\/\" target=\"_blank\" rel=\"noopener noreferrer\">Bolet\u00edn Oficial del Estado (BOE)<\/a><\/li>\n<li><a href=\"http:\/\/www.congreso.es\/portal\/page\/portal\/Congreso\/Congreso\/CatPubli\/BOCG\" target=\"_blank\" rel=\"noopener noreferrer\">Bolet\u00edn Oficial de las Cortes Generales<\/a><\/li>\n<li><a href=\"http:\/\/www.todalaley.com\/BOA-sumario-boletin-oficial-de-aragon-sumBOA.htm\" target=\"_blank\" rel=\"noopener noreferrer\">Bolet\u00edn Oficial de Arag\u00f3n<\/a><\/li>\n<li><a href=\"http:\/\/www.gobcan.es\/boc\" target=\"_blank\" rel=\"noopener noreferrer\">Bolet\u00edn Oficial de Canarias<\/a><\/li>\n<li><a href=\"http:\/\/bocyl.jcyl.es\/\" target=\"_blank\" rel=\"noopener noreferrer\">Bolet\u00edn Oficial de Castilla y Le\u00f3n<\/a><\/li>\n<li><a href=\"http:\/\/boc.gobcantabria.es\/boc\/\" target=\"_blank\" rel=\"noopener noreferrer\">Bolet\u00edn Oficial de la Asamblea de Cantabria<\/a><\/li>\n<li><a href=\"https:\/\/www.madrid.es\/portales\/munimadrid\/es\/Inicio\/Contacto\/Direcciones-y-telefonos\/Boletin-Oficial-de-la-Comunidad-de-Madrid-BOCM-\/?vgnextfmt=default&amp;vgnextoid=7306821c3771c010VgnVCM1000000b205a0aRCRD&amp;vgnextchannel=bfa48ab43d6bb410VgnVCM100000171f5a0aRCRD\" target=\"_blank\" rel=\"noopener noreferrer\">Bolet\u00edn Oficial de la Comunidad de Madrid<\/a><\/li>\n<li><a href=\"http:\/\/www.andaluciajunta.es\/BOJA\" target=\"_blank\" rel=\"noopener noreferrer\">Bolet\u00edn Oficial de la Junta de Andaluc\u00eda<\/a><\/li>\n<li><a href=\"https:\/\/www.borm.es\/#\/home\" target=\"_blank\" rel=\"noopener noreferrer\">Bolet\u00edn Oficial de la Regi\u00f3n de Murcia<\/a><\/li>\n<li><a href=\"http:\/\/boib.caib.es\/\" target=\"_blank\" rel=\"noopener noreferrer\">Bolet\u00edn Oficial de las Islas Baleares<\/a><\/li>\n<li><a href=\"http:\/\/www.cfnavarra.es\/bon\/969\/96923idx.htm\" target=\"_blank\" rel=\"noopener noreferrer\">Bolet\u00edn Oficial de Navarra<\/a><\/li>\n<li><a href=\"http:\/\/www.euskadi.net\/bopv\/indice_c.htm\" target=\"_blank\" rel=\"noopener noreferrer\">Bolet\u00edn Oficial del Pa\u00eds Vasco<\/a><\/li>\n<li><a href=\"http:\/\/docm.jccm.es\/pls\/dial\/docm_inicio\" target=\"_blank\" rel=\"noopener noreferrer\">Diario Oficial de Castilla\/La Mancha<\/a><\/li>\n<li><a href=\"http:\/\/doe.juntaex.es\/\" target=\"_blank\" rel=\"noopener noreferrer\">Diario Oficial de Extremadura<\/a><\/li>\n<li><a href=\"http:\/\/www.xunta.es\/doga\/index.htm\" target=\"_blank\" rel=\"noopener noreferrer\">Diario Oficial de Galicia<\/a><\/li>\n<\/ul>\n<p>[\/et_pb_text][\/et_pb_column][et_pb_column type=&#8221;1_4&#8243;][et_pb_text _builder_version=&#8221;3.21&#8243;]<\/p>\n<h2>Engineering Associations<\/h2>\n<ul>\n<li><a href=\"http:\/\/www.ingenierosdemontes.org\/\" target=\"_blank\" rel=\"noopener noreferrer\">Colegio de Ingenieros de Montes<\/a><\/li>\n<li><a href=\"http:\/\/www.forestales.net\/\" target=\"_blank\" rel=\"noopener noreferrer\">Colegio de Ingenieros T\u00e9cnicos Forestales<\/a><\/li>\n<li><a href=\"http:\/\/www.agronomoscentro.org\/\" target=\"_blank\" rel=\"noopener noreferrer\">Colegio de Ingenieros Agr\u00f3nomos<\/a><\/li>\n<li><a href=\"http:\/\/www.agricolas.org\/\">Colegio de Ingenieros T\u00e9cnicos Agr\u00edcolas<\/a><\/li>\n<\/ul>\n<p>[\/et_pb_text][\/et_pb_column][et_pb_column type=&#8221;1_4&#8243;][et_pb_text _builder_version=&#8221;3.21&#8243;]<\/p>\n<h2>Others<\/h2>\n<ul>\n<li><a href=\"http:\/\/www.seea.es\/\" target=\"_blank\" rel=\"noopener noreferrer\">SEEA Sociedad Espa\u00f1ola de Entomolog\u00eda Aplicada<\/a><\/li>\n<li><a href=\"http:\/\/www.sea-entomologia.org\/\" target=\"_blank\" rel=\"noopener noreferrer\">SEA Sociedad de Entomolog\u00eda Aragonesa<\/a><\/li>\n<li><a href=\"http:\/\/www.iobc-wprs.org\/\" target=\"_blank\" rel=\"noopener noreferrer\">IOBC International Organisation for Biological Control<\/a><\/li>\n<li><a href=\"http:\/\/www.eppo.org\/\" target=\"_blank\" rel=\"noopener noreferrer\">EPPO European Plant Protection Organisation<\/a><\/li>\n<li><a href=\"https:\/\/www.mapa.gob.es\/es\/agricultura\/temas\/sanidad-vegetal\/productos-fitosanitarios\/registro\/productos\/conregnom.asp\" target=\"_blank\" rel=\"noopener noreferrer\">Registro de Productos fitosanitarios del MAPAMA<\/a><\/li>\n<li><a href=\"http:\/\/www.faunaeur.org\/\" target=\"_blank\" rel=\"noopener noreferrer\">Fauna Europaea&#8217;s data base<\/a><\/li>\n<li><a href=\"http:\/\/www.iies.es\/\" target=\"_blank\" rel=\"noopener noreferrer\">Instituto de Ingenier\u00eda de Espa\u00f1a<\/a><\/li>\n<li><a href=\"http:\/\/www.efi.int\/\" target=\"_blank\" rel=\"noopener noreferrer\">EUROPEAN FOREST INSTITUTE<\/a><\/li>\n<li><a href=\"http:\/\/www.profor.org\/\" target=\"_blank\" rel=\"noopener noreferrer\">PROFOR (Asociaci\u00f3n de Forestales de Espa\u00f1a)<\/a><\/li>\n<li><a href=\"http:\/\/secforestales.org\/\" target=\"_blank\" rel=\"noopener noreferrer\">SECF (Sociedad Espa\u00f1ola de Ciencias Forestales)<\/a><\/li>\n<li><a href=\"http:\/\/www.asemfo.org\/\" target=\"_blank\" rel=\"noopener noreferrer\">ASEMFO (Asociaci\u00f3n Nacional de Empresas Forestales)<\/a><\/li>\n<li><a href=\"http:\/\/www.aearboricultura.org\" target=\"_blank\" rel=\"noopener noreferrer\">AEA (Asociaci\u00f3n Espa\u00f1ola de Arboricultura)<\/a><\/li>\n<\/ul>\n<p>[\/et_pb_text][\/et_pb_column][\/et_pb_row][\/et_pb_section]<\/p>\n","protected":false},"excerpt":{"rendered":"<p>Administrations Ministerio de Medio Ambiente y Medio Rural y Marino Comunidad de Madrid Comunidad Foral de Navarra Generalitat de Catalunya Generalitat Valenciana Gobierno Balear Gobierno de Arag\u00f3n Gobierno de Canarias Gobierno de Cantabria Gobierno de La Rioja Gobierno Vasco Junta de Andaluc\u00eda Junta de Castilla y Le\u00f3n Junta de Comunidades de Castilla-La Mancha Junta de [&hellip;]<\/p>\n","protected":false},"author":1,"featured_media":0,"parent":0,"menu_order":0,"comment_status":"closed","ping_status":"closed","template":"","meta":{"_et_pb_use_builder":"on","_et_pb_old_content":"","_et_gb_content_width":"","footnotes":""},"class_list":["post-1351","page","type-page","status-publish","hentry"],"_links":{"self":[{"href":"https:\/\/www.inffe.es\/en\/wp-json\/wp\/v2\/pages\/1351","targetHints":{"allow":["GET"]}}],"collection":[{"href":"https:\/\/www.inffe.es\/en\/wp-json\/wp\/v2\/pages"}],"about":[{"href":"https:\/\/www.inffe.es\/en\/wp-json\/wp\/v2\/types\/page"}],"author":[{"embeddable":true,"href":"https:\/\/www.inffe.es\/en\/wp-json\/wp\/v2\/users\/1"}],"replies":[{"embeddable":true,"href":"https:\/\/www.inffe.es\/en\/wp-json\/wp\/v2\/comments?post=1351"}],"version-history":[{"count":6,"href":"https:\/\/www.inffe.es\/en\/wp-json\/wp\/v2\/pages\/1351\/revisions"}],"predecessor-version":[{"id":2377,"href":"https:\/\/www.inffe.es\/en\/wp-json\/wp\/v2\/pages\/1351\/revisions\/2377"}],"wp:attachment":[{"href":"https:\/\/www.inffe.es\/en\/wp-json\/wp\/v2\/media?parent=1351"}],"curies":[{"name":"wp","href":"https:\/\/api.w.org\/{rel}","templated":true}]}}